{"id":912,"date":"2024-10-07T11:16:41","date_gmt":"2024-10-07T11:16:41","guid":{"rendered":"https:\/\/sumins.me\/?page_id=912"},"modified":"2024-11-03T21:40:03","modified_gmt":"2024-11-03T21:40:03","slug":"akcionari","status":"publish","type":"page","link":"https:\/\/sumins.me\/en\/akcionari\/","title":{"rendered":"Akcionari"},"content":{"rendered":"<div class=\"wp-block-group alignwide is-layout-constrained wp-block-group-is-layout-constrained\"><nav class=\"items-justified-left is-vertical alignwide wp-block-navigation is-content-justification-left is-layout-flex wp-container-core-navigation-is-layout-810fbbe0 wp-block-navigation-is-layout-flex\" aria-label=\"Navigation\"><ul class=\"wp-block-navigation__container items-justified-left is-vertical alignwide wp-block-navigation\"><li class=\"wp-block-navigation-item wp-block-navigation-link\"><a class=\"wp-block-navigation-item__content\"  href=\"https:\/\/sumins.me\/en\/skupstina\/\"><span class=\"wp-block-navigation-item__label\">Shareholders\u2019 Assembly<\/span><\/a><\/li><li class=\"wp-block-navigation-item wp-block-navigation-link\"><a class=\"wp-block-navigation-item__content\"  href=\"https:\/\/sumins.me\/en\/top-10-akcionara\/\"><span class=\"wp-block-navigation-item__label\">Top 10 Shareholders<\/span><\/a><\/li><li class=\"wp-block-navigation-item wp-block-navigation-link\"><a class=\"wp-block-navigation-item__content\"  href=\"https:\/\/sumins.me\/en\/ostalo\/\"><span class=\"wp-block-navigation-item__label\">Other<\/span><\/a><\/li><\/ul><\/nav><\/div>\n\n\n\n<div class=\"wp-block-query alignfull is-layout-flow wp-block-query-is-layout-flow\">\n<div class=\"wp-block-group alignfull is-layout-flow wp-block-group-is-layout-flow\" style=\"padding-top:0;padding-right:var(--wp--preset--spacing--40);padding-bottom:var(--wp--preset--spacing--40);padding-left:var(--wp--preset--spacing--40)\"><ul style=\"text-transform:none;\" class=\"alignfull wp-block-post-template is-layout-flow wp-block-post-template-is-layout-flow\"><li class=\"wp-block-post post-1679 post type-post status-publish format-standard hentry category-skupstina-akcionara tag-13\">\n\n<div class=\"wp-block-group is-layout-flow wp-container-core-group-is-layout-2f0c1fab wp-block-group-is-layout-flow\" style=\"padding-bottom:var(--wp--preset--spacing--50)\">\n<div class=\"wp-block-group is-content-justification-space-between is-nowrap is-layout-flex wp-container-core-group-is-layout-b4f66ff3 wp-block-group-is-layout-flex\" style=\"border-bottom-color:var(--wp--preset--color--contrast);border-bottom-width:4px;padding-top:var(--wp--preset--spacing--30);padding-right:0;padding-bottom:var(--wp--preset--spacing--30);padding-left:0\"><div style=\"font-size:2rem;font-style:normal;font-weight:600;letter-spacing:1px; margin-top:0;margin-right:0;margin-bottom:0;margin-left:0;\" class=\"has-text-align-left has-link-color wp-elements-5813a8450eb0347cfdf34f1870882db6 wp-block-post-date has-text-color has-contrast-color\"><time datetime=\"2026-03-09T15:11:10+01:00\">03.9<\/time><\/div>\n\n<div style=\"font-size:2rem;font-style:normal;font-weight:600;letter-spacing:1px; margin-top:0;margin-right:0;margin-bottom:0;margin-left:0;\" class=\"has-text-align-left has-link-color wp-elements-672016f5c95dcb277e0d666c7795c645 wp-block-post-date has-text-color has-contrast-color\"><time datetime=\"2026-03-09T15:11:10+01:00\">2026<\/time><\/div><\/div>\n\n\n<h2 style=\"font-size:4.6rem;font-style:normal;font-weight:600;line-height:1.1; padding-top:var(--wp--preset--spacing--30);\" class=\"has-link-color wp-elements-b5fa43084743aafd1d185f08a32e7678 wp-block-post-title has-text-color has-contrast-color\"><a href=\"https:\/\/sumins.me\/en\/vanredna-skupstina-akcionara-zakazana-za-31-03-2026-godine\/\" target=\"_self\" >Vanredna Skup\u0161tina akcionara odr\u017eana 31.03.2026. godine<\/a><\/h2><\/div>\n\n<\/li><li class=\"wp-block-post post-1362 post type-post status-publish format-standard hentry category-skupstina-akcionara tag-13\">\n\n<div class=\"wp-block-group is-layout-flow wp-container-core-group-is-layout-2f0c1fab wp-block-group-is-layout-flow\" style=\"padding-bottom:var(--wp--preset--spacing--50)\">\n<div class=\"wp-block-group is-content-justification-space-between is-nowrap is-layout-flex wp-container-core-group-is-layout-b4f66ff3 wp-block-group-is-layout-flex\" style=\"border-bottom-color:var(--wp--preset--color--contrast);border-bottom-width:4px;padding-top:var(--wp--preset--spacing--30);padding-right:0;padding-bottom:var(--wp--preset--spacing--30);padding-left:0\"><div style=\"font-size:2rem;font-style:normal;font-weight:600;letter-spacing:1px; margin-top:0;margin-right:0;margin-bottom:0;margin-left:0;\" class=\"has-text-align-left has-link-color wp-elements-5813a8450eb0347cfdf34f1870882db6 wp-block-post-date has-text-color has-contrast-color\"><time datetime=\"2026-01-24T15:22:16+01:00\">01.24<\/time><\/div>\n\n<div style=\"font-size:2rem;font-style:normal;font-weight:600;letter-spacing:1px; margin-top:0;margin-right:0;margin-bottom:0;margin-left:0;\" class=\"has-text-align-left has-link-color wp-elements-672016f5c95dcb277e0d666c7795c645 wp-block-post-date has-text-color has-contrast-color\"><time datetime=\"2026-01-24T15:22:16+01:00\">2026<\/time><\/div><\/div>\n\n\n<h2 style=\"font-size:4.6rem;font-style:normal;font-weight:600;line-height:1.1; padding-top:var(--wp--preset--spacing--30);\" class=\"has-link-color wp-elements-b5fa43084743aafd1d185f08a32e7678 wp-block-post-title has-text-color has-contrast-color\"><a href=\"https:\/\/sumins.me\/en\/redovna-skupstina-akcionara-odrzana-dana-28-05-2025-godine-u-podgorici\/\" target=\"_self\" >Redovna Skup\u0161tina akcionara odr\u017eana dana 28.05.2025. godine u Podgorici<\/a><\/h2><\/div>\n\n<\/li><\/ul><\/div>\n\n\n\n<div class=\"wp-block-group is-layout-flow wp-block-group-is-layout-flow\" style=\"margin-top:0;margin-bottom:0;padding-top:var(--wp--preset--spacing--40);padding-right:var(--wp--preset--spacing--40);padding-bottom:var(--wp--preset--spacing--40);padding-left:var(--wp--preset--spacing--40)\"><\/div>\n<\/div>\n\n\n\n<div class=\"stakeholder-list\">\n    <div class=\"stakeholder-item\">\n        <span class=\"stakeholder-name\">1. Aco Aleksi\u0107<\/span>\n        <span class=\"stakeholder-percentage\">29.99%<\/span>\n    <\/div>\n    <div class=\"stakeholder-item\">\n        <span class=\"stakeholder-name\">2. Matija Ili\u0107<\/span>\n        <span class=\"stakeholder-percentage\">19.39%<\/span>\n    <\/div>\n    <div class=\"stakeholder-item\">\n        <span class=\"stakeholder-name\">3. Vuko Popovi\u0107<\/span>\n        <span class=\"stakeholder-percentage\">3.90%<\/span>\n    <\/div>\n    <!-- Add more stakeholders in this format -->\n<\/div>\n\n\n\n<p><\/p>","protected":false},"excerpt":{"rendered":"<p>1. Aco Aleksi\u0107 29.99% 2. Matija Ili\u0107 19.39% 3. Vuko Popovi\u0107 3.90%<\/p>","protected":false},"author":1,"featured_media":0,"parent":0,"menu_order":0,"comment_status":"closed","ping_status":"closed","template":"","meta":{"_uag_custom_page_level_css":"","site-sidebar-layout":"default","site-content-layout":"","ast-site-content-layout":"default","site-content-style":"default","site-sidebar-style":"default","ast-global-header-display":"","ast-banner-title-visibility":"","ast-main-header-display":"","ast-hfb-above-header-display":"","ast-hfb-below-header-display":"","ast-hfb-mobile-header-display":"","site-post-title":"disabled","ast-breadcrumbs-content":"","ast-featured-img":"","footer-sml-layout":"","ast-disable-related-posts":"","theme-transparent-header-meta":"","adv-header-id-meta":"","stick-header-meta":"","header-above-stick-meta":"","header-main-stick-meta":"","header-below-stick-meta":"","astra-migrate-meta-layouts":"set","ast-page-background-enabled":"default","ast-page-background-meta":{"desktop":{"background-color":"var(--ast-global-color-5)","background-image":"","background-repeat":"repeat","background-position":"center center","background-size":"auto","background-attachment":"scroll","background-type":"","background-media":"","overlay-type":"","overlay-color":"","overlay-opacity":"","overlay-gradient":""},"tablet":{"background-color":"","background-image":"","background-repeat":"repeat","background-position":"center center","background-size":"auto","background-attachment":"scroll","background-type":"","background-media":"","overlay-type":"","overlay-color":"","overlay-opacity":"","overlay-gradient":""},"mobile":{"background-color":"","background-image":"","background-repeat":"repeat","background-position":"center center","background-size":"auto","background-attachment":"scroll","background-type":"","background-media":"","overlay-type":"","overlay-color":"","overlay-opacity":"","overlay-gradient":""}},"ast-content-background-meta":{"desktop":{"background-color":"var(--ast-global-color-4)","background-image":"","background-repeat":"repeat","background-position":"center center","background-size":"auto","background-attachment":"scroll","background-type":"","background-media":"","overlay-type":"","overlay-color":"","overlay-opacity":"","overlay-gradient":""},"tablet":{"background-color":"var(--ast-global-color-4)","background-image":"","background-repeat":"repeat","background-position":"center center","background-size":"auto","background-attachment":"scroll","background-type":"","background-media":"","overlay-type":"","overlay-color":"","overlay-opacity":"","overlay-gradient":""},"mobile":{"background-color":"var(--ast-global-color-4)","background-image":"","background-repeat":"repeat","background-position":"center center","background-size":"auto","background-attachment":"scroll","background-type":"","background-media":"","overlay-type":"","overlay-color":"","overlay-opacity":"","overlay-gradient":""}},"ngg_post_thumbnail":0,"footnotes":""},"class_list":["post-912","page","type-page","status-publish","hentry"],"uagb_featured_image_src":{"full":false,"thumbnail":false,"medium":false,"medium_large":false,"large":false,"1536x1536":false,"2048x2048":false,"trp-custom-language-flag":false},"uagb_author_info":{"display_name":"ognjenvujicic@gmail.com","author_link":"https:\/\/sumins.me\/en\/author\/ognjenvujicicgmail-com\/"},"uagb_comment_info":0,"uagb_excerpt":"1. Aco Aleksi\u0107 29.99% 2. Matija Ili\u0107 19.39% 3. Vuko Popovi\u0107 3.90%","_links":{"self":[{"href":"https:\/\/sumins.me\/en\/wp-json\/wp\/v2\/pages\/912","targetHints":{"allow":["GET"]}}],"collection":[{"href":"https:\/\/sumins.me\/en\/wp-json\/wp\/v2\/pages"}],"about":[{"href":"https:\/\/sumins.me\/en\/wp-json\/wp\/v2\/types\/page"}],"author":[{"embeddable":true,"href":"https:\/\/sumins.me\/en\/wp-json\/wp\/v2\/users\/1"}],"replies":[{"embeddable":true,"href":"https:\/\/sumins.me\/en\/wp-json\/wp\/v2\/comments?post=912"}],"version-history":[{"count":13,"href":"https:\/\/sumins.me\/en\/wp-json\/wp\/v2\/pages\/912\/revisions"}],"predecessor-version":[{"id":1232,"href":"https:\/\/sumins.me\/en\/wp-json\/wp\/v2\/pages\/912\/revisions\/1232"}],"wp:attachment":[{"href":"https:\/\/sumins.me\/en\/wp-json\/wp\/v2\/media?parent=912"}],"curies":[{"name":"wp","href":"https:\/\/api.w.org\/{rel}","templated":true}]}}