{"id":78,"date":"2024-10-09T15:23:24","date_gmt":"2024-10-09T15:23:24","guid":{"rendered":"https:\/\/sumins.me\/home\/"},"modified":"2026-02-27T12:35:55","modified_gmt":"2026-02-27T11:35:55","slug":"naslovna","status":"publish","type":"page","link":"https:\/\/sumins.me\/en\/","title":{"rendered":"Home"},"content":{"rendered":"<section class=\"ns-hero ns-hero--fullbleed\" id=\"ns-naslovna-hero\" aria-label=\"Homepage presentation\">\n    <div class=\"ns-hero__bg\" aria-hidden=\"true\"><\/div>\n\n    <div class=\"ns-hero__wrap\">\n        <div class=\"ns-hero__card\">\n\n            <div class=\"ns-hero__top\">\n                <div class=\"ns-hero__logoBtn\" aria-hidden=\"true\">\n                    <img decoding=\"async\" src=\"https:\/\/sumins.me\/wp-content\/uploads\/2025\/12\/Logo.jpg\"\n                        alt=\"Institut za \u0161umarstvo AD Podgorica\" class=\"ns-hero__logo\" loading=\"lazy\" \/>\n                <\/div>\n\n                <div class=\"ns-hero__text\">\n                    <div class=\"ns-hero__titleBox\">\n                        <h1 class=\"ns-hero__titleGreen\">\u201cInstitute of Forestry\u201d AD Podgorica<\/h1>\n                        <p class=\"ns-hero__subtitleGray\">provides expert support to Montenegro\u2019s forestry sector<\/p>\n                    <\/div>\n                <\/div>\n            <\/div>\n\n            <div class=\"ns-hero__tiles\" role=\"list\" aria-label=\"Information fields\">\n\n                <button class=\"ns-tile\" type=\"button\" role=\"listitem\" data-ns-modal=\"doc1952\" aria-haspopup=\"dialog\">\n                    <div class=\"ns-tile__topGreen\">1952.<\/div>\n                    <div class=\"ns-tile__bottomGray\">year of the Company\u2019s establishment<\/div>\n                <\/button>\n\n                <button class=\"ns-tile\" type=\"button\" role=\"listitem\" data-ns-modal=\"osvrt\" aria-haspopup=\"dialog\">\n                    <div class=\"ns-tile__topGreen\">70+ years<\/div>\n                    <div class=\"ns-tile__bottomGray\">of operational continuity<\/div>\n                <\/button>\n\n                <button class=\"ns-tile\" type=\"button\" role=\"listitem\" data-ns-modal=\"foto\" aria-haspopup=\"dialog\">\n                    <div class=\"ns-tile__topGreen\">Expertise and dedication<\/div>\n                    <div class=\"ns-tile__bottomGray\">forest surveys \u00b7 projects \u00b7 studies<\/div>\n                <\/button>\n\n            <\/div>\n        <\/div>\n    <\/div>\n\n    <!-- MODAL (JS \u0107e ga premjestiti u body da overlay bude 100% full-screen) -->\n    <div class=\"ns-modal\" id=\"ns-modal\" aria-hidden=\"true\">\n        <div class=\"ns-modal__overlay\" data-ns-close><\/div>\n\n        <div class=\"ns-modal__panel\" role=\"dialog\" aria-modal=\"true\" aria-labelledby=\"ns-modalTitle\">\n            <div class=\"ns-modal__header\">\n                <h3 class=\"ns-modal__title\" id=\"ns-modalTitle\"><\/h3>\n                <button class=\"ns-modal__close\" type=\"button\" aria-label=\"Close\" data-ns-close>\u00d7<\/button>\n            <\/div>\n\n            <div class=\"ns-modal__body\" id=\"ns-modalBody\"><\/div>\n        <\/div>\n    <\/div>\n\n    <template id=\"ns-tpl-doc1952\">\n        <div class=\"ns-modal__textBlock\">\n            <p>\n                Decision on the establishment of the Institute from December 1952, received from the Secretariat for Economy of the People\u2019s Republic of Montenegro, bearing the signature of <b>Bla\u017eo Jovanovi\u0107<\/b> who at that time was the Prime Minister.\n            <\/p>\n        <\/div>\n        <div class=\"ns-modal__gallery\">\n            <figure class=\"ns-modal__figure\">\n                <img decoding=\"async\" class=\"ns-modal__img\" src=\"\/wp-content\/uploads\/2026\/02\/dokument1952.jpg\" alt=\"Rje\u0161enje o radu Instituta iz decembra 1952. godine, sa potpisom Bla\u017ea Jovanovi\u0107a koji je u tovrijeme bio na \u010delu Sekretarijata za privredu Vlade NR Crne Gore.\" loading=\"lazy\" \/>\n\n            <\/figure>\n        <\/div>\n    <\/template>\n\n    <template id=\"ns-tpl-osvrt\">\n        <div class=\"ns-modal__textBlock\">\n            <p>\n                The Forest Management Bureau, now \u201cInstitute of Forestry\u201d AD Podgorica, was established on 9 December 1952 by decision of the Secretariat for Economy of the Government of the People\u2019s Republic of Montenegro, with the mandate:\n            <\/p>\n            <ul class=\"ns-modal__list\">\n                <li>to conduct geodetic surveys of forest areas for the preparation of forest management plans<\/li>\n                <li>to carry out revisions of forest management plans<\/li>\n                <li>to conduct forest inventory assessments.<\/li>\n            <\/ul>\n\n            <p>\n                In 1984, the Bureau was transformed into the Work Organisation \u201cInstitute of Forestry and Wood Processing\u201d, and in 1990 it was renamed the Social Enterprise \u201cInstitute of Forestry and Wood Processing\u201d. In 1999, following ownership transformation (privatisation), it became \u201cInstitute of Forestry\u201d AD Podgorica.\n            <\/p>\n\n            <p>\n                Today, the company operates under the same name, with more than one hundred shareholders in its ownership structure and without any state ownership stake.\n            <\/p>\n\n            <p>\n                In the previous period, our work has focused on the preparation of Forest Management Programmes for state forests in Montenegro. In addition, we have prepared Forest Management Plans for private forests, conducted inventories in the National Parks of Montenegro (2017), and carried out the National Forest Inventory of Montenegro (2011), using technologies and equipment aligned with modern forest management approaches and software solutions.\n            <\/p>\n\n            <p>\n                We have field vehicles and equipment for data collection in forests. We also utilise software solutions for the preparation of planning documentation, supported by many years of experience.\n            <\/p>\n\n            <p>\n                Our satisfied clients include the Directorate for Forest and Hunting Ground Management of Montenegro, the Ministry of Agriculture, Forestry and Water Management, the Ministry of Ecology, and others.\n            <\/p>\n\n            <p>\n                The annual scope of work includes the collection and processing of data across areas of 14,000 &#8211; 16,000 ha of forest, on average covering around four management units of state forests.\n            <\/p>\n\n            <p class=\"ns-modal__signature\">\n                Chief Executive Officer: <strong>Slavi\u0161a Lu\u010di\u0107<\/strong>, Graduate Forestry Engineer\n            <\/p>\n        <\/div>\n    <\/template>\n\n   <template id=\"ns-tpl-foto\">\n    <div class=\"ns-modal__textBlock\">\n        <p class=\"ns-modal__margin-bottom\">\n            \u201cInstitute of Forestry\u201d AD Podgorica has a decades-long reputation as an institution with a strong concentration of expert staff and a thorough, analytical approach to all work within the field of forestry.\n        <\/p>\n\n        <p>\n            From the scientific and research projects of the previous period, we may highlight projects specifically related to:\n        <\/p>\n\n        <ul class=\"ns-modal__list\">\n            <li>the issue of forest dieback in Montenegro;<\/li>\n            <li>the use of solar energy in timber drying;<\/li>\n            <li>the use of wood residues as a secondary raw material.<\/li>\n        <\/ul>\n\n        <p>\n            From the development projects previously undertaken by the Company, we may particularly emphasise the significance of projects concerning:\n        <\/p>\n\n        <ul class=\"ns-modal__list\">\n            <li>Montenegro\u2019s forest resources in the context of spatial planning;<\/li>\n            <li>the establishment of forest regions in Montenegro;<\/li>\n            <li>the designation of seed stands in Montenegro.<\/li>\n        <\/ul>\n\n<p>The Institute\u2019s current operations primarily focus on preparing Forest Management Programmes for state forests in Montenegro, applying a modern approach and high-quality software solutions.<\/p>\n    <\/div>\n<\/template>\n\n<\/section>\n\n\n\n<p><\/p>","protected":false},"excerpt":{"rendered":"<p>\u201cInstitut za \u0161umarstvo\u201c AD Podgorica pru\u017ea stru\u010dnu podr\u0161ku \u0161umarstvu Crne Gore 1952. godina osnivanja Dru\u0161tva 70+ godina kontinuiteta poslovanja Stru\u010dnost i posve\u0107enost premjeri \u0161uma \u00b7 projekti \u00b7 elaborati \u00d7 Rje\u0161enje o radu Instituta iz decembra 1952. godine, dobijeno od Sekretarijata za privredu NR Crne Gore, sa potpisom Bla\u017ea Jovanovi\u0107a koji je u to vrijeme bio [&hellip;]<\/p>\n","protected":false},"author":1,"featured_media":0,"parent":0,"menu_order":0,"comment_status":"closed","ping_status":"closed","template":"","meta":{"_uag_custom_page_level_css":"","site-sidebar-layout":"default","site-content-layout":"page-builder","ast-site-content-layout":"full-width-container","site-content-style":"unboxed","site-sidebar-style":"unboxed","ast-global-header-display":"","ast-banner-title-visibility":"","ast-main-header-display":"","ast-hfb-above-header-display":"","ast-hfb-below-header-display":"","ast-hfb-mobile-header-display":"","site-post-title":"disabled","ast-breadcrumbs-content":"","ast-featured-img":"","footer-sml-layout":"","theme-transparent-header-meta":"enabled","adv-header-id-meta":"","stick-header-meta":"","header-above-stick-meta":"","header-main-stick-meta":"","header-below-stick-meta":"","astra-migrate-meta-layouts":"set","ast-page-background-enabled":"default","ast-page-background-meta":{"desktop":{"background-color":"var(--ast-global-color-4)","background-image":"","background-repeat":"repeat","background-position":"center center","background-size":"auto","background-attachment":"scroll","background-type":"","background-media":"","overlay-type":"","overlay-color":"","overlay-opacity":"","overlay-gradient":""},"tablet":{"background-color":"","background-image":"","background-repeat":"repeat","background-position":"center center","background-size":"auto","background-attachment":"scroll","background-type":"","background-media":"","overlay-type":"","overlay-color":"","overlay-opacity":"","overlay-gradient":""},"mobile":{"background-color":"","background-image":"","background-repeat":"repeat","background-position":"center center","background-size":"auto","background-attachment":"scroll","background-type":"","background-media":"","overlay-type":"","overlay-color":"","overlay-opacity":"","overlay-gradient":""}},"ast-content-background-meta":{"desktop":{"background-color":"var(--ast-global-color-5)","background-image":"","background-repeat":"repeat","background-position":"center center","background-size":"auto","background-attachment":"scroll","background-type":"","background-media":"","overlay-type":"","overlay-color":"","overlay-opacity":"","overlay-gradient":""},"tablet":{"background-color":"var(--ast-global-color-5)","background-image":"","background-repeat":"repeat","background-position":"center center","background-size":"auto","background-attachment":"scroll","background-type":"","background-media":"","overlay-type":"","overlay-color":"","overlay-opacity":"","overlay-gradient":""},"mobile":{"background-color":"var(--ast-global-color-5)","background-image":"","background-repeat":"repeat","background-position":"center center","background-size":"auto","background-attachment":"scroll","background-type":"","background-media":"","overlay-type":"","overlay-color":"","overlay-opacity":"","overlay-gradient":""}},"ngg_post_thumbnail":0,"footnotes":""},"class_list":["post-78","page","type-page","status-publish","hentry"],"uagb_featured_image_src":{"full":false,"thumbnail":false,"medium":false,"medium_large":false,"large":false,"1536x1536":false,"2048x2048":false,"trp-custom-language-flag":false},"uagb_author_info":{"display_name":"ognjenvujicic@gmail.com","author_link":"https:\/\/sumins.me\/en\/author\/ognjenvujicicgmail-com\/"},"uagb_comment_info":0,"uagb_excerpt":"\u201cInstitut za \u0161umarstvo\u201c AD Podgorica pru\u017ea stru\u010dnu podr\u0161ku \u0161umarstvu Crne Gore 1952. godina osnivanja Dru\u0161tva 70+ godina kontinuiteta poslovanja Stru\u010dnost i posve\u0107enost premjeri \u0161uma \u00b7 projekti \u00b7 elaborati \u00d7 Rje\u0161enje o radu Instituta iz decembra 1952. godine, dobijeno od Sekretarijata za privredu NR Crne Gore, sa potpisom Bla\u017ea Jovanovi\u0107a koji je u to vrijeme bio&hellip;","_links":{"self":[{"href":"https:\/\/sumins.me\/en\/wp-json\/wp\/v2\/pages\/78","targetHints":{"allow":["GET"]}}],"collection":[{"href":"https:\/\/sumins.me\/en\/wp-json\/wp\/v2\/pages"}],"about":[{"href":"https:\/\/sumins.me\/en\/wp-json\/wp\/v2\/types\/page"}],"author":[{"embeddable":true,"href":"https:\/\/sumins.me\/en\/wp-json\/wp\/v2\/users\/1"}],"replies":[{"embeddable":true,"href":"https:\/\/sumins.me\/en\/wp-json\/wp\/v2\/comments?post=78"}],"version-history":[{"count":36,"href":"https:\/\/sumins.me\/en\/wp-json\/wp\/v2\/pages\/78\/revisions"}],"predecessor-version":[{"id":1659,"href":"https:\/\/sumins.me\/en\/wp-json\/wp\/v2\/pages\/78\/revisions\/1659"}],"wp:attachment":[{"href":"https:\/\/sumins.me\/en\/wp-json\/wp\/v2\/media?parent=78"}],"curies":[{"name":"wp","href":"https:\/\/api.w.org\/{rel}","templated":true}]}}