{"id":77,"date":"2024-10-03T21:15:45","date_gmt":"2024-10-03T21:15:45","guid":{"rendered":"https:\/\/sumins.me\/services\/"},"modified":"2026-02-27T16:42:27","modified_gmt":"2026-02-27T15:42:27","slug":"djelatnost","status":"publish","type":"page","link":"https:\/\/sumins.me\/en\/djelatnost\/","title":{"rendered":"Activities"},"content":{"rendered":"<div class=\"container\">\n  <h3 class=\"highlight\">Activities<\/h3>\n\n  <p>\n    The Company\u2019s principal activity is:\n    <span class=\"highlight\">Service activities related to forestry<\/span>.\n  <\/p>\n\n  <div class=\"info-section\">\n    <div class=\"meta-line\">\n      <span class=\"meta-label\">Activity code:<\/span>\n      <span class=\"tag\">02.40<\/span>\n    <\/div>\n  <\/div>\n\n  <p style=\"margin-top:16px;\">The Company may also engage in the following activities:<\/p>\n\n  <div class=\"info-card\">\n    <div class=\"activity-row\">\n      <span class=\"activity-code\">02.10<\/span>\n      <span class=\"activity-text\">Silviculture and other forestry activities<\/span>\n    <\/div>\n    <div class=\"activity-row\">\n      <span class=\"activity-code\">02.20<\/span>\n      <span class=\"activity-text\">Logging<\/span>\n    <\/div>\n    <div class=\"activity-row\">\n      <span class=\"activity-code\">02.30<\/span>\n      <span class=\"activity-text\">Gathering of wild forest products, other than wood<\/span>\n    <\/div>\n    <div class=\"activity-row\">\n      <span class=\"activity-code\">68.31<\/span>\n      <span class=\"activity-text\">Real estate agencies<\/span>\n    <\/div>\n    <div class=\"activity-row\">\n      <span class=\"activity-code\">71.12<\/span>\n      <span class=\"activity-text\">Engineering activities and technical consultancy<\/span>\n    <\/div>\n    <div class=\"activity-row\">\n      <span class=\"activity-code\">72.19<\/span>\n      <span class=\"activity-text\">Research and development in other natural and engineering sciences<\/span>\n    <\/div>\n  <\/div>\n  <p style=\"margin-top:16px; margin-bottom:0;\">In addition to its principal and listed activities, the Company may also carry out other activities related to its principal activity.<\/p>\n<\/div>\n\n\n\n<p><\/p>","protected":false},"excerpt":{"rendered":"<p>Djelatnost Prete\u017ena djelatnost Dru\u0161tva je: Uslu\u017ene djelatnosti u vezi sa \u0161umarstvom. \u0160ifra djelatnosti: 02.40 Dru\u0161tvo se mo\u017ee baviti i sljede\u0107im djelatnostima: 02.10 Gajenje \u0161uma i ostale \u0161umarske djelatnosti 02.20 Sje\u010da drve\u0107a 02.30 Sakupljanje \u0161umskih plodova, osim drveta 68.31 Djelatnost agencija za nekretnine 71.12 In\u017einjerske djelatnosti i tehni\u010dko savjetovanje 72.19 Istra\u017eivanje i razvoj u ostalim prirodnim [&hellip;]<\/p>\n","protected":false},"author":1,"featured_media":0,"parent":0,"menu_order":0,"comment_status":"closed","ping_status":"closed","template":"","meta":{"_uag_custom_page_level_css":"","site-sidebar-layout":"default","site-content-layout":"","ast-site-content-layout":"default","site-content-style":"default","site-sidebar-style":"default","ast-global-header-display":"","ast-banner-title-visibility":"","ast-main-header-display":"","ast-hfb-above-header-display":"","ast-hfb-below-header-display":"","ast-hfb-mobile-header-display":"","site-post-title":"disabled","ast-breadcrumbs-content":"","ast-featured-img":"","footer-sml-layout":"","theme-transparent-header-meta":"enabled","adv-header-id-meta":"","stick-header-meta":"","header-above-stick-meta":"","header-main-stick-meta":"","header-below-stick-meta":"","astra-migrate-meta-layouts":"set","ast-page-background-enabled":"default","ast-page-background-meta":{"desktop":{"background-color":"var(--ast-global-color-4)","background-image":"","background-repeat":"repeat","background-position":"center center","background-size":"auto","background-attachment":"scroll","background-type":"","background-media":"","overlay-type":"","overlay-color":"","overlay-opacity":"","overlay-gradient":""},"tablet":{"background-color":"","background-image":"","background-repeat":"repeat","background-position":"center center","background-size":"auto","background-attachment":"scroll","background-type":"","background-media":"","overlay-type":"","overlay-color":"","overlay-opacity":"","overlay-gradient":""},"mobile":{"background-color":"","background-image":"","background-repeat":"repeat","background-position":"center center","background-size":"auto","background-attachment":"scroll","background-type":"","background-media":"","overlay-type":"","overlay-color":"","overlay-opacity":"","overlay-gradient":""}},"ast-content-background-meta":{"desktop":{"background-color":"var(--ast-global-color-5)","background-image":"","background-repeat":"repeat","background-position":"center center","background-size":"auto","background-attachment":"scroll","background-type":"","background-media":"","overlay-type":"","overlay-color":"","overlay-opacity":"","overlay-gradient":""},"tablet":{"background-color":"var(--ast-global-color-5)","background-image":"","background-repeat":"repeat","background-position":"center center","background-size":"auto","background-attachment":"scroll","background-type":"","background-media":"","overlay-type":"","overlay-color":"","overlay-opacity":"","overlay-gradient":""},"mobile":{"background-color":"var(--ast-global-color-5)","background-image":"","background-repeat":"repeat","background-position":"center center","background-size":"auto","background-attachment":"scroll","background-type":"","background-media":"","overlay-type":"","overlay-color":"","overlay-opacity":"","overlay-gradient":""}},"ngg_post_thumbnail":0,"footnotes":""},"class_list":["post-77","page","type-page","status-publish","hentry"],"uagb_featured_image_src":{"full":false,"thumbnail":false,"medium":false,"medium_large":false,"large":false,"1536x1536":false,"2048x2048":false,"trp-custom-language-flag":false},"uagb_author_info":{"display_name":"ognjenvujicic@gmail.com","author_link":"https:\/\/sumins.me\/en\/author\/ognjenvujicicgmail-com\/"},"uagb_comment_info":0,"uagb_excerpt":"Djelatnost Prete\u017ena djelatnost Dru\u0161tva je: Uslu\u017ene djelatnosti u vezi sa \u0161umarstvom. \u0160ifra djelatnosti: 02.40 Dru\u0161tvo se mo\u017ee baviti i sljede\u0107im djelatnostima: 02.10 Gajenje \u0161uma i ostale \u0161umarske djelatnosti 02.20 Sje\u010da drve\u0107a 02.30 Sakupljanje \u0161umskih plodova, osim drveta 68.31 Djelatnost agencija za nekretnine 71.12 In\u017einjerske djelatnosti i tehni\u010dko savjetovanje 72.19 Istra\u017eivanje i razvoj u ostalim prirodnim&hellip;","_links":{"self":[{"href":"https:\/\/sumins.me\/en\/wp-json\/wp\/v2\/pages\/77","targetHints":{"allow":["GET"]}}],"collection":[{"href":"https:\/\/sumins.me\/en\/wp-json\/wp\/v2\/pages"}],"about":[{"href":"https:\/\/sumins.me\/en\/wp-json\/wp\/v2\/types\/page"}],"author":[{"embeddable":true,"href":"https:\/\/sumins.me\/en\/wp-json\/wp\/v2\/users\/1"}],"replies":[{"embeddable":true,"href":"https:\/\/sumins.me\/en\/wp-json\/wp\/v2\/comments?post=77"}],"version-history":[{"count":17,"href":"https:\/\/sumins.me\/en\/wp-json\/wp\/v2\/pages\/77\/revisions"}],"predecessor-version":[{"id":1612,"href":"https:\/\/sumins.me\/en\/wp-json\/wp\/v2\/pages\/77\/revisions\/1612"}],"wp:attachment":[{"href":"https:\/\/sumins.me\/en\/wp-json\/wp\/v2\/media?parent=77"}],"curies":[{"name":"wp","href":"https:\/\/api.w.org\/{rel}","templated":true}]}}