{"id":1256,"date":"2025-12-23T15:34:01","date_gmt":"2025-12-23T15:34:01","guid":{"rendered":"https:\/\/sumins.me\/?page_id=1256"},"modified":"2026-02-08T20:50:39","modified_gmt":"2026-02-08T20:50:39","slug":"opsti-podaci","status":"publish","type":"page","link":"https:\/\/sumins.me\/en\/opsti-podaci\/","title":{"rendered":"General Information"},"content":{"rendered":"<div class=\"container\">\n  <h3 class=\"highlight\">General Information<\/h3>\n\n  <div class=\"info-card\">\n    <div class=\"info-row\">\n      <span class=\"info-label\">Full name:<\/span>\n      <span class=\"info-value\">&#8220;Institute of Forestry&#8221; AD Podgorica<\/span>\n    <\/div>\n\n    <div class=\"info-row\">\n      <span class=\"info-label\">Registered office:<\/span>\n      <span class=\"info-value\">Podgorica, Novaka Milo\u0161eva Street 10\/II<\/span>\n    <\/div>\n\n    <div class=\"info-row\">\n      <span class=\"info-label\">Registration \/ Tax identification number:<\/span>\n      <span class=\"info-value\">02018454<\/span>\n    <\/div>\n\n    <div class=\"info-row\">\n      <span class=\"info-label\">CRPS register number:<\/span>\n      <span class=\"info-value\">40000986<\/span>\n    <\/div>\n\n    <div class=\"info-row\">\n      <span class=\"info-label\">VAT number:<\/span>\n      <span class=\"info-value\">30\/31-02672-4<\/span>\n    <\/div>\n  <\/div>\n<\/div>","protected":false},"excerpt":{"rendered":"<p>General information. Full name: &#8220;Institute of Forestry&#8221; AD Podgorica. Registered office: Podgorica, Novaka Milo\u0161eva Street 10\/II. Registration \/ Tax identification number: 02018454. CRPS register number: 40000986. VAT number: 30\/31-02672-4.<\/p>","protected":false},"author":1,"featured_media":0,"parent":0,"menu_order":0,"comment_status":"closed","ping_status":"closed","template":"","meta":{"_uag_custom_page_level_css":"","site-sidebar-layout":"default","site-content-layout":"","ast-site-content-layout":"default","site-content-style":"default","site-sidebar-style":"default","ast-global-header-display":"","ast-banner-title-visibility":"","ast-main-header-display":"","ast-hfb-above-header-display":"","ast-hfb-below-header-display":"","ast-hfb-mobile-header-display":"","site-post-title":"disabled","ast-breadcrumbs-content":"","ast-featured-img":"","footer-sml-layout":"","theme-transparent-header-meta":"","adv-header-id-meta":"","stick-header-meta":"","header-above-stick-meta":"","header-main-stick-meta":"","header-below-stick-meta":"","astra-migrate-meta-layouts":"set","ast-page-background-enabled":"default","ast-page-background-meta":{"desktop":{"background-color":"var(--ast-global-color-4)","background-image":"","background-repeat":"repeat","background-position":"center center","background-size":"auto","background-attachment":"scroll","background-type":"","background-media":"","overlay-type":"","overlay-color":"","overlay-opacity":"","overlay-gradient":""},"tablet":{"background-color":"","background-image":"","background-repeat":"repeat","background-position":"center center","background-size":"auto","background-attachment":"scroll","background-type":"","background-media":"","overlay-type":"","overlay-color":"","overlay-opacity":"","overlay-gradient":""},"mobile":{"background-color":"","background-image":"","background-repeat":"repeat","background-position":"center center","background-size":"auto","background-attachment":"scroll","background-type":"","background-media":"","overlay-type":"","overlay-color":"","overlay-opacity":"","overlay-gradient":""}},"ast-content-background-meta":{"desktop":{"background-color":"var(--ast-global-color-5)","background-image":"","background-repeat":"repeat","background-position":"center center","background-size":"auto","background-attachment":"scroll","background-type":"","background-media":"","overlay-type":"","overlay-color":"","overlay-opacity":"","overlay-gradient":""},"tablet":{"background-color":"var(--ast-global-color-5)","background-image":"","background-repeat":"repeat","background-position":"center center","background-size":"auto","background-attachment":"scroll","background-type":"","background-media":"","overlay-type":"","overlay-color":"","overlay-opacity":"","overlay-gradient":""},"mobile":{"background-color":"var(--ast-global-color-5)","background-image":"","background-repeat":"repeat","background-position":"center center","background-size":"auto","background-attachment":"scroll","background-type":"","background-media":"","overlay-type":"","overlay-color":"","overlay-opacity":"","overlay-gradient":""}},"ngg_post_thumbnail":0,"footnotes":""},"class_list":["post-1256","page","type-page","status-publish","hentry"],"uagb_featured_image_src":{"full":false,"thumbnail":false,"medium":false,"medium_large":false,"large":false,"1536x1536":false,"2048x2048":false,"trp-custom-language-flag":false},"uagb_author_info":{"display_name":"ognjenvujicic@gmail.com","author_link":"https:\/\/sumins.me\/en\/author\/ognjenvujicicgmail-com\/"},"uagb_comment_info":0,"uagb_excerpt":"Op\u0161ti podaci Puni naziv: &#8220;Institut za \u0161umarstvo&#8221; AD Podgorica Sjedi\u0161te: Podgorica, Ulica Novaka Milo\u0161eva 10\/II Mati\u010dni \/ Poreski identifikacioni broj: 02018454 Broj u registru CRPS: 40000986 PDV broj: 30\/31-02672-4","_links":{"self":[{"href":"https:\/\/sumins.me\/en\/wp-json\/wp\/v2\/pages\/1256","targetHints":{"allow":["GET"]}}],"collection":[{"href":"https:\/\/sumins.me\/en\/wp-json\/wp\/v2\/pages"}],"about":[{"href":"https:\/\/sumins.me\/en\/wp-json\/wp\/v2\/types\/page"}],"author":[{"embeddable":true,"href":"https:\/\/sumins.me\/en\/wp-json\/wp\/v2\/users\/1"}],"replies":[{"embeddable":true,"href":"https:\/\/sumins.me\/en\/wp-json\/wp\/v2\/comments?post=1256"}],"version-history":[{"count":3,"href":"https:\/\/sumins.me\/en\/wp-json\/wp\/v2\/pages\/1256\/revisions"}],"predecessor-version":[{"id":1485,"href":"https:\/\/sumins.me\/en\/wp-json\/wp\/v2\/pages\/1256\/revisions\/1485"}],"wp:attachment":[{"href":"https:\/\/sumins.me\/en\/wp-json\/wp\/v2\/media?parent=1256"}],"curies":[{"name":"wp","href":"https:\/\/api.w.org\/{rel}","templated":true}]}}