{"id":1156,"date":"2024-11-03T20:47:45","date_gmt":"2024-11-03T20:47:45","guid":{"rendered":"https:\/\/sumins.me\/?page_id=1156"},"modified":"2026-02-10T14:29:27","modified_gmt":"2026-02-10T14:29:27","slug":"pravna-akta","status":"publish","type":"page","link":"https:\/\/sumins.me\/en\/pravna-akta\/","title":{"rendered":"Legal Acts"},"content":{"rendered":"<p><\/p>\n\n\n\n<div class=\"wp-block-group container is-layout-constrained wp-block-group-is-layout-constrained\">\n<div class=\"wp-block-uagb-advanced-heading uagb-block-f851456d highlight\"><h3 class=\"uagb-heading-text\">Legal Acts<\/h3><\/div>\n\n\n\n<p>Below are the applicable legal acts of the \u201cInstitute of Forestry\u201d AD Podgorica in PDF format.<\/p>\n\n\n\n<div class=\"wp-block-file doc-file\"><a id=\"wp-block-file--media-84bd354f-2db5-4d8f-9444-2ea332c30c15\" href=\"https:\/\/sumins.me\/wp-content\/uploads\/2026\/01\/STATUT-INSTITUTA-ZA-SUMARSTVO.pdf\" target=\"_blank\" rel=\"noreferrer noopener\">Statute of the Institute of Forestry<\/a><a href=\"https:\/\/sumins.me\/wp-content\/uploads\/2026\/01\/STATUT-INSTITUTA-ZA-SUMARSTVO.pdf\" class=\"wp-block-file__button wp-element-button\" download aria-describedby=\"wp-block-file--media-84bd354f-2db5-4d8f-9444-2ea332c30c15\">Download<\/a><\/div>\n\n\n\n<div class=\"wp-block-file doc-file\"><a id=\"wp-block-file--media-69e937f9-bb6d-4780-a737-9ec6af2faa1d\" href=\"https:\/\/sumins.me\/wp-content\/uploads\/2026\/01\/Poslovnik-o-radu-Odbora-direktora.pdf\" target=\"_blank\" rel=\"noreferrer noopener\">Rules of Procedure of the Board of Directors<\/a><a href=\"https:\/\/sumins.me\/wp-content\/uploads\/2026\/01\/Poslovnik-o-radu-Odbora-direktora.pdf\" class=\"wp-block-file__button wp-element-button\" download aria-describedby=\"wp-block-file--media-69e937f9-bb6d-4780-a737-9ec6af2faa1d\">Download<\/a><\/div>\n<\/div>\n\n\n\n<p><\/p>","protected":false},"excerpt":{"rendered":"<p>Legal acts. Below are the applicable legal acts of the &#8220;Institute of Forestry&#8221; AD Podgorica in PDF format.<\/p>","protected":false},"author":1,"featured_media":1281,"parent":0,"menu_order":0,"comment_status":"closed","ping_status":"closed","template":"","meta":{"_uag_custom_page_level_css":"","site-sidebar-layout":"default","site-content-layout":"","ast-site-content-layout":"default","site-content-style":"default","site-sidebar-style":"default","ast-global-header-display":"","ast-banner-title-visibility":"","ast-main-header-display":"","ast-hfb-above-header-display":"","ast-hfb-below-header-display":"","ast-hfb-mobile-header-display":"","site-post-title":"disabled","ast-breadcrumbs-content":"","ast-featured-img":"","footer-sml-layout":"","theme-transparent-header-meta":"","adv-header-id-meta":"","stick-header-meta":"","header-above-stick-meta":"","header-main-stick-meta":"","header-below-stick-meta":"","astra-migrate-meta-layouts":"set","ast-page-background-enabled":"default","ast-page-background-meta":{"desktop":{"background-color":"var(--ast-global-color-4)","background-image":"","background-repeat":"repeat","background-position":"center center","background-size":"auto","background-attachment":"scroll","background-type":"","background-media":"","overlay-type":"","overlay-color":"","overlay-opacity":"","overlay-gradient":""},"tablet":{"background-color":"","background-image":"","background-repeat":"repeat","background-position":"center center","background-size":"auto","background-attachment":"scroll","background-type":"","background-media":"","overlay-type":"","overlay-color":"","overlay-opacity":"","overlay-gradient":""},"mobile":{"background-color":"","background-image":"","background-repeat":"repeat","background-position":"center center","background-size":"auto","background-attachment":"scroll","background-type":"","background-media":"","overlay-type":"","overlay-color":"","overlay-opacity":"","overlay-gradient":""}},"ast-content-background-meta":{"desktop":{"background-color":"var(--ast-global-color-5)","background-image":"","background-repeat":"repeat","background-position":"center center","background-size":"auto","background-attachment":"scroll","background-type":"","background-media":"","overlay-type":"","overlay-color":"","overlay-opacity":"","overlay-gradient":""},"tablet":{"background-color":"var(--ast-global-color-5)","background-image":"","background-repeat":"repeat","background-position":"center center","background-size":"auto","background-attachment":"scroll","background-type":"","background-media":"","overlay-type":"","overlay-color":"","overlay-opacity":"","overlay-gradient":""},"mobile":{"background-color":"var(--ast-global-color-5)","background-image":"","background-repeat":"repeat","background-position":"center center","background-size":"auto","background-attachment":"scroll","background-type":"","background-media":"","overlay-type":"","overlay-color":"","overlay-opacity":"","overlay-gradient":""}},"ngg_post_thumbnail":0,"footnotes":""},"class_list":["post-1156","page","type-page","status-publish","has-post-thumbnail","hentry"],"uagb_featured_image_src":{"full":["https:\/\/sumins.me\/wp-content\/uploads\/2025\/12\/Logo.jpg",312,270,false],"thumbnail":["https:\/\/sumins.me\/wp-content\/uploads\/2025\/12\/Logo-150x150.jpg",150,150,true],"medium":["https:\/\/sumins.me\/wp-content\/uploads\/2025\/12\/Logo-300x260.jpg",300,260,true],"medium_large":["https:\/\/sumins.me\/wp-content\/uploads\/2025\/12\/Logo.jpg",312,270,false],"large":["https:\/\/sumins.me\/wp-content\/uploads\/2025\/12\/Logo.jpg",312,270,false],"1536x1536":["https:\/\/sumins.me\/wp-content\/uploads\/2025\/12\/Logo.jpg",312,270,false],"2048x2048":["https:\/\/sumins.me\/wp-content\/uploads\/2025\/12\/Logo.jpg",312,270,false],"trp-custom-language-flag":["https:\/\/sumins.me\/wp-content\/uploads\/2025\/12\/Logo-14x12.jpg",14,12,true]},"uagb_author_info":{"display_name":"ognjenvujicic@gmail.com","author_link":"https:\/\/sumins.me\/en\/author\/ognjenvujicicgmail-com\/"},"uagb_comment_info":0,"uagb_excerpt":"Pravna akta U nastavku su prikazana va\u017ee\u0107a pravna akta &#8220;Instituta za \u0161umarstvo&#8221; AD Podgorica u PDF formatu.","_links":{"self":[{"href":"https:\/\/sumins.me\/en\/wp-json\/wp\/v2\/pages\/1156","targetHints":{"allow":["GET"]}}],"collection":[{"href":"https:\/\/sumins.me\/en\/wp-json\/wp\/v2\/pages"}],"about":[{"href":"https:\/\/sumins.me\/en\/wp-json\/wp\/v2\/types\/page"}],"author":[{"embeddable":true,"href":"https:\/\/sumins.me\/en\/wp-json\/wp\/v2\/users\/1"}],"replies":[{"embeddable":true,"href":"https:\/\/sumins.me\/en\/wp-json\/wp\/v2\/comments?post=1156"}],"version-history":[{"count":19,"href":"https:\/\/sumins.me\/en\/wp-json\/wp\/v2\/pages\/1156\/revisions"}],"predecessor-version":[{"id":1616,"href":"https:\/\/sumins.me\/en\/wp-json\/wp\/v2\/pages\/1156\/revisions\/1616"}],"wp:featuredmedia":[{"embeddable":true,"href":"https:\/\/sumins.me\/en\/wp-json\/wp\/v2\/media\/1281"}],"wp:attachment":[{"href":"https:\/\/sumins.me\/en\/wp-json\/wp\/v2\/media?parent=1156"}],"curies":[{"name":"wp","href":"https:\/\/api.w.org\/{rel}","templated":true}]}}