{"id":1152,"date":"2024-11-03T20:47:14","date_gmt":"2024-11-03T20:47:14","guid":{"rendered":"https:\/\/sumins.me\/?page_id=1152"},"modified":"2026-02-11T12:37:36","modified_gmt":"2026-02-11T12:37:36","slug":"vlasnicka-struktura","status":"publish","type":"page","link":"https:\/\/sumins.me\/en\/vlasnicka-struktura\/","title":{"rendered":"Shareholders &#8211; Ownership structure"},"content":{"rendered":"<div class=\"container\">\n  <h3 class=\"highlight\">Shareholding Structure<\/h3>\n\n  <p>\n    \u201cInstitute of Forestry\u201d AD Podgorica has share capital amounting to\n    <strong>125.058,00 EUR<\/strong> and it is divided into <strong>54,128 shares<\/strong>, each with a nominal value per share of <strong>2,31 EUR<\/strong>.\n  <\/p>\n\n  <p>\n    The shares are ordinary; they are issued, acquired, and transferred in dematerialised form and are registered in the securities register maintained by the Central Clearing and Depository Company (CKDD) AD Podgorica, all in accordance with the law regulating the capital market.\n  <\/p>\n\n  <div class=\"info-section\">\n    <div class=\"meta-line\" style=\"padding-bottom:8px;\">\n      <span class=\"meta-label\">ISIN:<\/span>\n      <span class=\"tag\">MEINSTRA1PG4<\/span>\n    <\/div>\n\n    <div class=\"meta-line\">\n      <span class=\"meta-label\">Trading Symbol:<\/span>\n      <span class=\"tag\">INST<\/span>\n    <\/div>\n\n    <p class=\"info-note\" style=\"margin: 12px 0 0 0;\">\n      In mid-2025, the shares were delisted from the Montenegro Stock Exchange, and since then they may be traded only on the OTC market, through authorised legal entities entitled to participate in the OTC market.\n    <\/p>\n  <\/div>\n\n  <p style=\"margin-top:20px;\">\n    The shareholders\u2019 ownership structure, presented in the format of the top 10 shareholders, is available for review on the CKDD website (<a class=\"link\" href=\"https:\/\/www.ckdd.me\" target=\"_blank\" rel=\"noopener\">www.ckdd.me<\/a>).\n  <\/p>\n<\/div>","protected":false},"excerpt":{"rendered":"<p>Akcionarstvo \u201cInstitut za \u0161umarstvo\u201d AD Podgorica ima osnovni kapital koji iznosi 125.058,00 EUR i podijeljen je na 54.128 akcija, \u010dija nominalna vrijednost po jednoj akciji iznosi 2,31 EUR. Akcije su obi\u010dne, emitovane su, sti\u010du se i prenose u dematerijalizovanom obliku i registrovane su u registru hartija od vrijednosti kod Centralnog klirin\u0161ko depozitarnog dru\u0161tva (CKDD) AD [&hellip;]<\/p>\n","protected":false},"author":1,"featured_media":0,"parent":0,"menu_order":0,"comment_status":"closed","ping_status":"closed","template":"","meta":{"_uag_custom_page_level_css":"","site-sidebar-layout":"default","site-content-layout":"","ast-site-content-layout":"default","site-content-style":"default","site-sidebar-style":"default","ast-global-header-display":"","ast-banner-title-visibility":"","ast-main-header-display":"","ast-hfb-above-header-display":"","ast-hfb-below-header-display":"","ast-hfb-mobile-header-display":"","site-post-title":"disabled","ast-breadcrumbs-content":"","ast-featured-img":"","footer-sml-layout":"","theme-transparent-header-meta":"","adv-header-id-meta":"","stick-header-meta":"","header-above-stick-meta":"","header-main-stick-meta":"","header-below-stick-meta":"","astra-migrate-meta-layouts":"set","ast-page-background-enabled":"default","ast-page-background-meta":{"desktop":{"background-color":"var(--ast-global-color-4)","background-image":"","background-repeat":"repeat","background-position":"center center","background-size":"auto","background-attachment":"scroll","background-type":"","background-media":"","overlay-type":"","overlay-color":"","overlay-opacity":"","overlay-gradient":""},"tablet":{"background-color":"","background-image":"","background-repeat":"repeat","background-position":"center center","background-size":"auto","background-attachment":"scroll","background-type":"","background-media":"","overlay-type":"","overlay-color":"","overlay-opacity":"","overlay-gradient":""},"mobile":{"background-color":"","background-image":"","background-repeat":"repeat","background-position":"center center","background-size":"auto","background-attachment":"scroll","background-type":"","background-media":"","overlay-type":"","overlay-color":"","overlay-opacity":"","overlay-gradient":""}},"ast-content-background-meta":{"desktop":{"background-color":"var(--ast-global-color-5)","background-image":"","background-repeat":"repeat","background-position":"center center","background-size":"auto","background-attachment":"scroll","background-type":"","background-media":"","overlay-type":"","overlay-color":"","overlay-opacity":"","overlay-gradient":""},"tablet":{"background-color":"var(--ast-global-color-5)","background-image":"","background-repeat":"repeat","background-position":"center center","background-size":"auto","background-attachment":"scroll","background-type":"","background-media":"","overlay-type":"","overlay-color":"","overlay-opacity":"","overlay-gradient":""},"mobile":{"background-color":"var(--ast-global-color-5)","background-image":"","background-repeat":"repeat","background-position":"center center","background-size":"auto","background-attachment":"scroll","background-type":"","background-media":"","overlay-type":"","overlay-color":"","overlay-opacity":"","overlay-gradient":""}},"ngg_post_thumbnail":0,"footnotes":""},"class_list":["post-1152","page","type-page","status-publish","hentry"],"uagb_featured_image_src":{"full":false,"thumbnail":false,"medium":false,"medium_large":false,"large":false,"1536x1536":false,"2048x2048":false,"trp-custom-language-flag":false},"uagb_author_info":{"display_name":"ognjenvujicic@gmail.com","author_link":"https:\/\/sumins.me\/en\/author\/ognjenvujicicgmail-com\/"},"uagb_comment_info":0,"uagb_excerpt":"Akcionarstvo \u201cInstitut za \u0161umarstvo\u201d AD Podgorica ima osnovni kapital koji iznosi 125.058,00 EUR i podijeljen je na 54.128 akcija, \u010dija nominalna vrijednost po jednoj akciji iznosi 2,31 EUR. Akcije su obi\u010dne, emitovane su, sti\u010du se i prenose u dematerijalizovanom obliku i registrovane su u registru hartija od vrijednosti kod Centralnog klirin\u0161ko depozitarnog dru\u0161tva (CKDD) AD&hellip;","_links":{"self":[{"href":"https:\/\/sumins.me\/en\/wp-json\/wp\/v2\/pages\/1152","targetHints":{"allow":["GET"]}}],"collection":[{"href":"https:\/\/sumins.me\/en\/wp-json\/wp\/v2\/pages"}],"about":[{"href":"https:\/\/sumins.me\/en\/wp-json\/wp\/v2\/types\/page"}],"author":[{"embeddable":true,"href":"https:\/\/sumins.me\/en\/wp-json\/wp\/v2\/users\/1"}],"replies":[{"embeddable":true,"href":"https:\/\/sumins.me\/en\/wp-json\/wp\/v2\/comments?post=1152"}],"version-history":[{"count":27,"href":"https:\/\/sumins.me\/en\/wp-json\/wp\/v2\/pages\/1152\/revisions"}],"predecessor-version":[{"id":1637,"href":"https:\/\/sumins.me\/en\/wp-json\/wp\/v2\/pages\/1152\/revisions\/1637"}],"wp:attachment":[{"href":"https:\/\/sumins.me\/en\/wp-json\/wp\/v2\/media?parent=1152"}],"curies":[{"name":"wp","href":"https:\/\/api.w.org\/{rel}","templated":true}]}}