{"id":1150,"date":"2024-11-03T20:46:43","date_gmt":"2024-11-03T20:46:43","guid":{"rendered":"https:\/\/sumins.me\/?page_id=1150"},"modified":"2024-11-05T23:12:43","modified_gmt":"2024-11-05T23:12:43","slug":"top-10-akcionara","status":"publish","type":"page","link":"https:\/\/sumins.me\/en\/top-10-akcionara\/","title":{"rendered":"Akcionari &#8211; Top 10 Akcionara"},"content":{"rendered":"<div class=\"wp-block-uagb-advanced-heading uagb-block-ed7c4aeb\"><h3 class=\"uagb-heading-text\">List of the 10 Largest Shareholders as of 10 October 2024<\/h3><\/div>\n\n\n\n<div class=\"stakeholder-list\">\n    <div class=\"stakeholder-item\">\n        <span class=\"stakeholder-name\">1. Aco Aleksi\u0107<\/span>\n        <span class=\"stakeholder-percentage\">29.99%<\/span>\n    <\/div>\n    <div class=\"stakeholder-item\">\n        <span class=\"stakeholder-name\">2. Matija Ili\u0107<\/span>\n        <span class=\"stakeholder-percentage\">19.39%<\/span>\n    <\/div>\n    <div class=\"stakeholder-item\">\n        <span class=\"stakeholder-name\">3. Vuko Popovi\u0107<\/span>\n        <span class=\"stakeholder-percentage\">3.90%<\/span>\n    <\/div>\n    <div class=\"stakeholder-item\">\n        <span class=\"stakeholder-name\">4. Meliha Feti\u0107<\/span>\n        <span class=\"stakeholder-percentage\">3.72%<\/span>\n    <\/div>\n    <div class=\"stakeholder-item\">\n        <span class=\"stakeholder-name\">5. CK \u2013 Aggregated Custody Account 5<\/span>\n        <span class=\"stakeholder-percentage\">2.16%<\/span>\n    <\/div>\n    <div class=\"stakeholder-item\">\n        <span class=\"stakeholder-name\">6. Nada Terzi\u0107<\/span>\n        <span class=\"stakeholder-percentage\">1.85%<\/span>\n    <\/div>\n    <div class=\"stakeholder-item\">\n        <span class=\"stakeholder-name\">7. Veselin Markovi\u0107<\/span>\n        <span class=\"stakeholder-percentage\">1.83%<\/span>\n    <\/div>\n    <div class=\"stakeholder-item\">\n        <span class=\"stakeholder-name\">8. Vasiljka Kalezi\u0107<\/span>\n        <span class=\"stakeholder-percentage\">1.60%<\/span>\n    <\/div>\n    <div class=\"stakeholder-item\">\n        <span class=\"stakeholder-name\">9. Milovan Bubanja<\/span>\n        <span class=\"stakeholder-percentage\">1.56%<\/span>\n    <\/div>\n    <div class=\"stakeholder-item\">\n        <span class=\"stakeholder-name\">10. Slavko Savi\u0107<\/span>\n        <span class=\"stakeholder-percentage\">1.17%<\/span>\n    <\/div>\n<\/div>\n\n\n\n<p><\/p>","protected":false},"excerpt":{"rendered":"<p>Lista 10 najve\u0107ih akcionara na dan 10.10.2024. godine 1. Aco Aleksi\u0107 29.99% 2. Matija Ili\u0107 19.39% 3. Vuko Popovi\u0107 3.90% 4. Meliha Feti\u0107 3.72% 5. CK \u2013 zbirni kastodi ra\u010dun 5 2.16% 6. Nada Terzi\u0107 1.85% 7. Veselin Markovi\u0107 1.83% 8. Vasiljka Kalezi\u0107 1.60% 9. Milovan Bubanja 1.56% 10. Slavko Savi\u0107 1.17%<\/p>","protected":false},"author":1,"featured_media":0,"parent":0,"menu_order":0,"comment_status":"closed","ping_status":"closed","template":"","meta":{"_uag_custom_page_level_css":"","site-sidebar-layout":"default","site-content-layout":"","ast-site-content-layout":"default","site-content-style":"default","site-sidebar-style":"default","ast-global-header-display":"","ast-banner-title-visibility":"","ast-main-header-display":"","ast-hfb-above-header-display":"","ast-hfb-below-header-display":"","ast-hfb-mobile-header-display":"","site-post-title":"disabled","ast-breadcrumbs-content":"","ast-featured-img":"","footer-sml-layout":"","ast-disable-related-posts":"","theme-transparent-header-meta":"","adv-header-id-meta":"","stick-header-meta":"","header-above-stick-meta":"","header-main-stick-meta":"","header-below-stick-meta":"","astra-migrate-meta-layouts":"set","ast-page-background-enabled":"default","ast-page-background-meta":{"desktop":{"background-color":"var(--ast-global-color-5)","background-image":"","background-repeat":"repeat","background-position":"center center","background-size":"auto","background-attachment":"scroll","background-type":"","background-media":"","overlay-type":"","overlay-color":"","overlay-opacity":"","overlay-gradient":""},"tablet":{"background-color":"","background-image":"","background-repeat":"repeat","background-position":"center center","background-size":"auto","background-attachment":"scroll","background-type":"","background-media":"","overlay-type":"","overlay-color":"","overlay-opacity":"","overlay-gradient":""},"mobile":{"background-color":"","background-image":"","background-repeat":"repeat","background-position":"center center","background-size":"auto","background-attachment":"scroll","background-type":"","background-media":"","overlay-type":"","overlay-color":"","overlay-opacity":"","overlay-gradient":""}},"ast-content-background-meta":{"desktop":{"background-color":"var(--ast-global-color-4)","background-image":"","background-repeat":"repeat","background-position":"center center","background-size":"auto","background-attachment":"scroll","background-type":"","background-media":"","overlay-type":"","overlay-color":"","overlay-opacity":"","overlay-gradient":""},"tablet":{"background-color":"var(--ast-global-color-4)","background-image":"","background-repeat":"repeat","background-position":"center center","background-size":"auto","background-attachment":"scroll","background-type":"","background-media":"","overlay-type":"","overlay-color":"","overlay-opacity":"","overlay-gradient":""},"mobile":{"background-color":"var(--ast-global-color-4)","background-image":"","background-repeat":"repeat","background-position":"center center","background-size":"auto","background-attachment":"scroll","background-type":"","background-media":"","overlay-type":"","overlay-color":"","overlay-opacity":"","overlay-gradient":""}},"ngg_post_thumbnail":0,"footnotes":""},"class_list":["post-1150","page","type-page","status-publish","hentry"],"uagb_featured_image_src":{"full":false,"thumbnail":false,"medium":false,"medium_large":false,"large":false,"1536x1536":false,"2048x2048":false,"trp-custom-language-flag":false},"uagb_author_info":{"display_name":"ognjenvujicic@gmail.com","author_link":"https:\/\/sumins.me\/en\/author\/ognjenvujicicgmail-com\/"},"uagb_comment_info":0,"uagb_excerpt":"Lista 10 najve\u0107ih akcionara na dan 10.10.2024. godine 1. Aco Aleksi\u0107 29.99% 2. Matija Ili\u0107 19.39% 3. Vuko Popovi\u0107 3.90% 4. Meliha Feti\u0107 3.72% 5. CK \u2013 zbirni kastodi ra\u010dun 5 2.16% 6. Nada Terzi\u0107 1.85% 7. Veselin Markovi\u0107 1.83% 8. Vasiljka Kalezi\u0107 1.60% 9. Milovan Bubanja 1.56% 10. Slavko Savi\u0107 1.17%","_links":{"self":[{"href":"https:\/\/sumins.me\/en\/wp-json\/wp\/v2\/pages\/1150","targetHints":{"allow":["GET"]}}],"collection":[{"href":"https:\/\/sumins.me\/en\/wp-json\/wp\/v2\/pages"}],"about":[{"href":"https:\/\/sumins.me\/en\/wp-json\/wp\/v2\/types\/page"}],"author":[{"embeddable":true,"href":"https:\/\/sumins.me\/en\/wp-json\/wp\/v2\/users\/1"}],"replies":[{"embeddable":true,"href":"https:\/\/sumins.me\/en\/wp-json\/wp\/v2\/comments?post=1150"}],"version-history":[{"count":14,"href":"https:\/\/sumins.me\/en\/wp-json\/wp\/v2\/pages\/1150\/revisions"}],"predecessor-version":[{"id":1226,"href":"https:\/\/sumins.me\/en\/wp-json\/wp\/v2\/pages\/1150\/revisions\/1226"}],"wp:attachment":[{"href":"https:\/\/sumins.me\/en\/wp-json\/wp\/v2\/media?parent=1150"}],"curies":[{"name":"wp","href":"https:\/\/api.w.org\/{rel}","templated":true}]}}