{"id":1041,"date":"2024-10-12T19:09:26","date_gmt":"2024-10-12T19:09:26","guid":{"rendered":"https:\/\/sumins.me\/?page_id=1041"},"modified":"2026-02-10T11:38:37","modified_gmt":"2026-02-10T11:38:37","slug":"organizaciona-struktura","status":"publish","type":"page","link":"https:\/\/sumins.me\/en\/organizaciona-struktura\/","title":{"rendered":"Organisational Structure"},"content":{"rendered":"<div class=\"wp-block-group container is-layout-constrained wp-block-group-is-layout-constrained\">\n<div class=\"wp-block-uagb-advanced-heading uagb-block-f851456d highlight\"><h3 class=\"uagb-heading-text\">Organisational structure:<\/h3><\/div>\n\n\n\n<div class=\"wp-block-group org-grid is-layout-constrained wp-block-group-is-layout-constrained\">\n<div class=\"wp-block-group org-card is-layout-constrained wp-block-group-is-layout-constrained\">\n<h4 class=\"wp-block-heading has-ast-global-color-0-color has-text-color has-link-color wp-elements-b220e0552c42348b773ec48d161aa559\">Shareholders\u2019 Assembly<\/h4>\n\n\n\n<p>The Assembly consists of all shareholders who hold shares in the Company &#8211; \u201cInstitute of Forestry\u201d AD Podgorica &#8211; and who are entitled to participate in the work of the Company\u2019s Assembly. Eligibility is determined on the basis of the shareholder list from CKDD, which the Company is obliged to obtain two working days prior to the Shareholders\u2019 Assembly meeting.<\/p>\n<\/div>\n\n\n\n<div class=\"wp-block-group org-card is-layout-constrained wp-block-group-is-layout-constrained\">\n<h4 class=\"wp-block-heading has-ast-global-color-0-color has-text-color has-link-color wp-elements-48d09d40cf59572427820588188e2b0b\">Board of Directors<\/h4>\n\n\n\n<ul class=\"wp-block-list\">\n<li><strong>Nata\u0161a Bulaji\u0107, Graduate Economist<\/strong> \u2013 Chair of the Board of Directors<\/li>\n\n\n\n<li><strong>Danilo Dubak, Graduate Forestry Engineer<\/strong> \u2013 Member of the Board of Directors<\/li>\n\n\n\n<li><strong>Dejan Mirkovi\u0107, Surveyor<\/strong> \u2013 Member of the Board of Directors<\/li>\n<\/ul>\n<\/div>\n\n\n\n<div class=\"wp-block-group org-card is-layout-constrained wp-block-group-is-layout-constrained\">\n<h4 class=\"wp-block-heading has-ast-global-color-0-color has-text-color has-link-color wp-elements-ebac0a8ee237ca224ed61307aea037cd\">Chief Executive Officer<\/h4>\n\n\n\n<p><strong>Slavi\u0161a Lu\u010di\u0107, Graduate Forestry Engineer<\/strong><\/p>\n<\/div>\n\n\n\n<div class=\"wp-block-group org-card is-layout-constrained wp-block-group-is-layout-constrained\">\n<h4 class=\"wp-block-heading has-ast-global-color-0-color has-text-color has-link-color wp-elements-53ed412942cb16499dbc4f8fec1e6ddd\">Secretary<\/h4>\n\n\n\n<p><strong>Slavi\u0161a Lu\u010di\u0107, Graduate Forestry Engineer<\/strong><\/p>\n<\/div>\n<\/div>\n\n\n\n<p style=\"margin-top:0px;margin-right:0;margin-bottom:0px;margin-left:0\">\u201cInstitute of Forestry\u201d AD Podgorica has defined business sectors, as follows:<\/p>\n\n\n\n<ul style=\"margin-top:0;margin-right:0;margin-bottom:0;margin-left:0;padding-top:var(--wp--preset--spacing--20);padding-right:var(--wp--preset--spacing--50);padding-bottom:var(--wp--preset--spacing--20);padding-left:var(--wp--preset--spacing--50)\" class=\"wp-block-list\">\n<li>sector for design and research &amp; development <\/li>\n\n\n\n<li>sector for administrative and general affairs<\/li>\n<\/ul>\n\n\n\n<p>Within the specified sectors, there are specialised services, and the Company may establish commissions, committees, and other bodies in accordance with the Statute and applicable legislation.<\/p>\n<\/div>\n\n\n\n<p><\/p>","protected":false},"excerpt":{"rendered":"<p>Organizaciona struktura: Skup\u0161tina Skup\u0161tinu \u010dine svi akcionari vlasnici akcija Dru\u0161tva &#8211; \u201cInstitut za \u0161umarstvo\u201d AD Podgorica, koji imaju pravo u\u010de\u0161\u0107a u radu skup\u0161tine Dru\u0161tva. To se odre\u0111uje na osnovu spiska akcionara iz CKDD, koji je Dru\u0161tvo du\u017eno da pribavi dva radna dana prije odr\u017eavanja sjednice skup\u0161tine akcionara. Odbor direktora Izvr\u0161ni direktor Slavi\u0161a Lu\u010di\u0107, dipl.ing.\u0161umarstva Sekretar [&hellip;]<\/p>\n","protected":false},"author":1,"featured_media":0,"parent":0,"menu_order":0,"comment_status":"closed","ping_status":"closed","template":"","meta":{"_uag_custom_page_level_css":"","site-sidebar-layout":"default","site-content-layout":"","ast-site-content-layout":"default","site-content-style":"default","site-sidebar-style":"default","ast-global-header-display":"","ast-banner-title-visibility":"","ast-main-header-display":"","ast-hfb-above-header-display":"","ast-hfb-below-header-display":"","ast-hfb-mobile-header-display":"","site-post-title":"disabled","ast-breadcrumbs-content":"","ast-featured-img":"","footer-sml-layout":"","theme-transparent-header-meta":"","adv-header-id-meta":"","stick-header-meta":"","header-above-stick-meta":"","header-main-stick-meta":"","header-below-stick-meta":"","astra-migrate-meta-layouts":"set","ast-page-background-enabled":"default","ast-page-background-meta":{"desktop":{"background-color":"var(--ast-global-color-4)","background-image":"","background-repeat":"repeat","background-position":"center center","background-size":"auto","background-attachment":"scroll","background-type":"","background-media":"","overlay-type":"","overlay-color":"","overlay-opacity":"","overlay-gradient":""},"tablet":{"background-color":"","background-image":"","background-repeat":"repeat","background-position":"center center","background-size":"auto","background-attachment":"scroll","background-type":"","background-media":"","overlay-type":"","overlay-color":"","overlay-opacity":"","overlay-gradient":""},"mobile":{"background-color":"","background-image":"","background-repeat":"repeat","background-position":"center center","background-size":"auto","background-attachment":"scroll","background-type":"","background-media":"","overlay-type":"","overlay-color":"","overlay-opacity":"","overlay-gradient":""}},"ast-content-background-meta":{"desktop":{"background-color":"var(--ast-global-color-5)","background-image":"","background-repeat":"repeat","background-position":"center center","background-size":"auto","background-attachment":"scroll","background-type":"","background-media":"","overlay-type":"","overlay-color":"","overlay-opacity":"","overlay-gradient":""},"tablet":{"background-color":"var(--ast-global-color-5)","background-image":"","background-repeat":"repeat","background-position":"center center","background-size":"auto","background-attachment":"scroll","background-type":"","background-media":"","overlay-type":"","overlay-color":"","overlay-opacity":"","overlay-gradient":""},"mobile":{"background-color":"var(--ast-global-color-5)","background-image":"","background-repeat":"repeat","background-position":"center center","background-size":"auto","background-attachment":"scroll","background-type":"","background-media":"","overlay-type":"","overlay-color":"","overlay-opacity":"","overlay-gradient":""}},"ngg_post_thumbnail":0,"footnotes":""},"class_list":["post-1041","page","type-page","status-publish","hentry"],"uagb_featured_image_src":{"full":false,"thumbnail":false,"medium":false,"medium_large":false,"large":false,"1536x1536":false,"2048x2048":false,"trp-custom-language-flag":false},"uagb_author_info":{"display_name":"ognjenvujicic@gmail.com","author_link":"https:\/\/sumins.me\/en\/author\/ognjenvujicicgmail-com\/"},"uagb_comment_info":0,"uagb_excerpt":"Organizaciona struktura: Skup\u0161tina Skup\u0161tinu \u010dine svi akcionari vlasnici akcija Dru\u0161tva &#8211; \u201cInstitut za \u0161umarstvo\u201d AD Podgorica, koji imaju pravo u\u010de\u0161\u0107a u radu skup\u0161tine Dru\u0161tva. To se odre\u0111uje na osnovu spiska akcionara iz CKDD, koji je Dru\u0161tvo du\u017eno da pribavi dva radna dana prije odr\u017eavanja sjednice skup\u0161tine akcionara. Odbor direktora Izvr\u0161ni direktor Slavi\u0161a Lu\u010di\u0107, dipl.ing.\u0161umarstva Sekretar&hellip;","_links":{"self":[{"href":"https:\/\/sumins.me\/en\/wp-json\/wp\/v2\/pages\/1041","targetHints":{"allow":["GET"]}}],"collection":[{"href":"https:\/\/sumins.me\/en\/wp-json\/wp\/v2\/pages"}],"about":[{"href":"https:\/\/sumins.me\/en\/wp-json\/wp\/v2\/types\/page"}],"author":[{"embeddable":true,"href":"https:\/\/sumins.me\/en\/wp-json\/wp\/v2\/users\/1"}],"replies":[{"embeddable":true,"href":"https:\/\/sumins.me\/en\/wp-json\/wp\/v2\/comments?post=1041"}],"version-history":[{"count":17,"href":"https:\/\/sumins.me\/en\/wp-json\/wp\/v2\/pages\/1041\/revisions"}],"predecessor-version":[{"id":1597,"href":"https:\/\/sumins.me\/en\/wp-json\/wp\/v2\/pages\/1041\/revisions\/1597"}],"wp:attachment":[{"href":"https:\/\/sumins.me\/en\/wp-json\/wp\/v2\/media?parent=1041"}],"curies":[{"name":"wp","href":"https:\/\/api.w.org\/{rel}","templated":true}]}}