{"id":1039,"date":"2024-10-12T19:08:02","date_gmt":"2024-10-12T19:08:02","guid":{"rendered":"https:\/\/sumins.me\/?page_id=1039"},"modified":"2026-02-10T14:33:23","modified_gmt":"2026-02-10T14:33:23","slug":"istorijat-poslovanja","status":"publish","type":"page","link":"https:\/\/sumins.me\/en\/istorijat-poslovanja\/","title":{"rendered":"Business History"},"content":{"rendered":"<div class=\"container\">\n  <h3 class=\"highlight\">History<\/h3>\n\n  <p>\n    \u201cInstitute of Forestry\u201d AD Podgorica was initially established on 9 December 1952 under the name Forest Management Bureau Titograd, by decision of the Secretariat for Economy of the Government of the People\u2019s Republic of Montenegro, with the mandate:\n  <\/p>\n\n  <div class=\"info-section\">\n    <ul>\n      <li class=\"list-item\">to conduct geodetic surveys of forest areas for the preparation of forest management plans<\/li>\n      <li class=\"list-item\">to carry out revisions of forest management plans<\/li>\n      <li class=\"list-item\">to conduct forest inventory assessments.<\/li>\n    <\/ul>\n  <\/div>\n\n  <div class=\"ifs-timeline\">\n    <div class=\"ifs-step\">\n      <div class=\"ifs-year\">1984.<\/div>\n      <div class=\"ifs-text\">\n        The Bureau was subsequently transformed into a Work Organisation\n        <span class=\"highlight-grey\">\u201cInstitute of Forestry and Wood Processing\u201d<\/span>.\n      <\/div>\n    <\/div>\n\n    <div class=\"ifs-step\">\n      <div class=\"ifs-year\">1990.<\/div>\n      <div class=\"ifs-text\">\n        It was renamed as the Social Enterprise\n        <span class=\"highlight-grey\">\u201cInstitute of Forestry and Wood Processing\u201d Titograd<\/span>.\n      <\/div>\n    <\/div>\n\n    <div class=\"ifs-step\">\n      <div class=\"ifs-year\">1999.<\/div>\n      <div class=\"ifs-text\">\n        Through ownership transformation (privatisation) and alignment with the Companies Act, it became <strong>\u201cInstitute of Forestry\u201d AD Podgorica<\/strong>, under which name it continues to operate today.\n      <\/div>\n    <\/div>\n  <\/div>\n<\/div>","protected":false},"excerpt":{"rendered":"<p>Istorijat &#8220;Institut za \u0161umarstvo&#8221; AD Podgorica, inicijalno je osnovan 9. decembra 1952. godine pod nazivom Biro za ure\u0111ivanje \u0161uma Titograd, odlukom Sekretarijata za privredu Vlade NR Crne Gore sa zadatkom: da vr\u0161i geodetski premjer \u0161umskih povr\u0161ina u cilju izrade ure\u0111ajnih elaborata za \u0161ume, da vr\u0161i reviziju ure\u0111ajnih elaborata za \u0161ume, da vr\u0161i taksacioni premjer \u0161uma. [&hellip;]<\/p>\n","protected":false},"author":1,"featured_media":0,"parent":0,"menu_order":0,"comment_status":"closed","ping_status":"closed","template":"","meta":{"_uag_custom_page_level_css":"","site-sidebar-layout":"default","site-content-layout":"","ast-site-content-layout":"default","site-content-style":"default","site-sidebar-style":"default","ast-global-header-display":"","ast-banner-title-visibility":"","ast-main-header-display":"","ast-hfb-above-header-display":"","ast-hfb-below-header-display":"","ast-hfb-mobile-header-display":"","site-post-title":"disabled","ast-breadcrumbs-content":"","ast-featured-img":"","footer-sml-layout":"","theme-transparent-header-meta":"","adv-header-id-meta":"","stick-header-meta":"","header-above-stick-meta":"","header-main-stick-meta":"","header-below-stick-meta":"","astra-migrate-meta-layouts":"set","ast-page-background-enabled":"default","ast-page-background-meta":{"desktop":{"background-color":"var(--ast-global-color-4)","background-image":"","background-repeat":"repeat","background-position":"center center","background-size":"auto","background-attachment":"scroll","background-type":"","background-media":"","overlay-type":"","overlay-color":"","overlay-opacity":"","overlay-gradient":""},"tablet":{"background-color":"","background-image":"","background-repeat":"repeat","background-position":"center center","background-size":"auto","background-attachment":"scroll","background-type":"","background-media":"","overlay-type":"","overlay-color":"","overlay-opacity":"","overlay-gradient":""},"mobile":{"background-color":"","background-image":"","background-repeat":"repeat","background-position":"center center","background-size":"auto","background-attachment":"scroll","background-type":"","background-media":"","overlay-type":"","overlay-color":"","overlay-opacity":"","overlay-gradient":""}},"ast-content-background-meta":{"desktop":{"background-color":"var(--ast-global-color-5)","background-image":"","background-repeat":"repeat","background-position":"center center","background-size":"auto","background-attachment":"scroll","background-type":"","background-media":"","overlay-type":"","overlay-color":"","overlay-opacity":"","overlay-gradient":""},"tablet":{"background-color":"var(--ast-global-color-5)","background-image":"","background-repeat":"repeat","background-position":"center center","background-size":"auto","background-attachment":"scroll","background-type":"","background-media":"","overlay-type":"","overlay-color":"","overlay-opacity":"","overlay-gradient":""},"mobile":{"background-color":"var(--ast-global-color-5)","background-image":"","background-repeat":"repeat","background-position":"center center","background-size":"auto","background-attachment":"scroll","background-type":"","background-media":"","overlay-type":"","overlay-color":"","overlay-opacity":"","overlay-gradient":""}},"ngg_post_thumbnail":0,"footnotes":""},"class_list":["post-1039","page","type-page","status-publish","hentry"],"uagb_featured_image_src":{"full":false,"thumbnail":false,"medium":false,"medium_large":false,"large":false,"1536x1536":false,"2048x2048":false,"trp-custom-language-flag":false},"uagb_author_info":{"display_name":"ognjenvujicic@gmail.com","author_link":"https:\/\/sumins.me\/en\/author\/ognjenvujicicgmail-com\/"},"uagb_comment_info":0,"uagb_excerpt":"Istorijat &#8220;Institut za \u0161umarstvo&#8221; AD Podgorica, inicijalno je osnovan 9. decembra 1952. godine pod nazivom Biro za ure\u0111ivanje \u0161uma Titograd, odlukom Sekretarijata za privredu Vlade NR Crne Gore sa zadatkom: da vr\u0161i geodetski premjer \u0161umskih povr\u0161ina u cilju izrade ure\u0111ajnih elaborata za \u0161ume, da vr\u0161i reviziju ure\u0111ajnih elaborata za \u0161ume, da vr\u0161i taksacioni premjer \u0161uma.&hellip;","_links":{"self":[{"href":"https:\/\/sumins.me\/en\/wp-json\/wp\/v2\/pages\/1039","targetHints":{"allow":["GET"]}}],"collection":[{"href":"https:\/\/sumins.me\/en\/wp-json\/wp\/v2\/pages"}],"about":[{"href":"https:\/\/sumins.me\/en\/wp-json\/wp\/v2\/types\/page"}],"author":[{"embeddable":true,"href":"https:\/\/sumins.me\/en\/wp-json\/wp\/v2\/users\/1"}],"replies":[{"embeddable":true,"href":"https:\/\/sumins.me\/en\/wp-json\/wp\/v2\/comments?post=1039"}],"version-history":[{"count":8,"href":"https:\/\/sumins.me\/en\/wp-json\/wp\/v2\/pages\/1039\/revisions"}],"predecessor-version":[{"id":1619,"href":"https:\/\/sumins.me\/en\/wp-json\/wp\/v2\/pages\/1039\/revisions\/1619"}],"wp:attachment":[{"href":"https:\/\/sumins.me\/en\/wp-json\/wp\/v2\/media?parent=1039"}],"curies":[{"name":"wp","href":"https:\/\/api.w.org\/{rel}","templated":true}]}}