{"id":1018,"date":"2024-10-10T11:43:07","date_gmt":"2024-10-10T11:43:07","guid":{"rendered":"https:\/\/sumins.me\/?page_id=1018"},"modified":"2026-02-09T14:13:05","modified_gmt":"2026-02-09T14:13:05","slug":"objave","status":"publish","type":"page","link":"https:\/\/sumins.me\/en\/objave\/","title":{"rendered":"Announcements"},"content":{"rendered":"<div data-aos= \"fade\" data-aos-duration=\"400\" data-aos-delay=\"0\" data-aos-easing=\"ease\" data-aos-once=\"true\" class=\"wp-block-uagb-tabs uagb-block-10bfa242 uagb-tabs__wrap uagb-tabs__hstyle2-desktop uagb-tabs__vstyle6-tablet uagb-tabs__stack1-mobile tabs-title\" data-tab-active=\"0\"><ul class=\"uagb-tabs__panel uagb-tabs__align-left\" role=\"tablist\"><li class=\"uagb-tab uagb-tabs__active\" role=\"none\"><a href=\"#uagb-tabs__tab0\" class=\"uagb-tabs-list uagb-tabs__icon-position-left\" data-tab=\"0\" role=\"tab\"><div>Shareholder announcements<\/div><\/a><\/li><li class=\"uagb-tab\" role=\"none\"><a href=\"#uagb-tabs__tab1\" class=\"uagb-tabs-list uagb-tabs__icon-position-left\" data-tab=\"1\" role=\"tab\"><div>Contracted management units<\/div><\/a><\/li><li class=\"uagb-tab\" role=\"none\"><a href=\"#uagb-tabs__tab2\" class=\"uagb-tabs-list uagb-tabs__icon-position-left\" data-tab=\"2\" role=\"tab\"><div>News and other<\/div><\/a><\/li><\/ul><div class=\"uagb-tabs__body-wrap\">\n<div data-aos= \"fade\" data-aos-duration=\"400\" data-aos-delay=\"0\" data-aos-easing=\"ease\" data-aos-once=\"true\" class=\"wp-block-uagb-tabs-child uagb-tabs__body-container uagb-inner-tab-0 tabs-title\" aria-labelledby=\"uagb-tabs__tab0\">\n<div class=\"wp-block-columns has-ast-global-color-4-background-color has-background is-layout-flex wp-container-core-columns-is-layout-28f84493 wp-block-columns-is-layout-flex\">\n<div class=\"wp-block-column has-white-background-color has-background is-layout-flow wp-block-column-is-layout-flow\" style=\"padding-top:var(--wp--preset--spacing--20);padding-right:var(--wp--preset--spacing--20);padding-bottom:var(--wp--preset--spacing--20);padding-left:var(--wp--preset--spacing--20);flex-basis:100%\">\n<div class=\"wp-block-query is-layout-flow wp-block-query-is-layout-flow\"><ul class=\"wp-block-post-template has-background has-white-background-color is-layout-flow wp-block-post-template-is-layout-flow\"><li class=\"wp-block-post post-1679 post type-post status-publish format-standard hentry category-skupstina-akcionara tag-13\">\n<h3 class=\"has-link-color wp-elements-049ed61df2bea400dae4c7fa666e2492 wp-block-post-title has-text-color has-ast-global-color-0-color\">Vanredna Skup\u0161tina akcionara odr\u017eana 31.03.2026. godine<\/h3>\n\n\n<div class=\"wp-block-uagb-container uagb-block-bbc99857 alignfull uagb-is-root-container\"><div class=\"uagb-container-inner-blocks-wrap\">\n<div class=\"wp-block-uagb-container uagb-block-b5b7ab7b\"><\/div>\n<\/div><\/div>\n\n\n<div class=\"entry-content wp-block-post-content is-layout-flow wp-block-post-content-is-layout-flow\">\n<div class=\"wp-block-file doc-file\"><a id=\"wp-block-file--media-10313330-fa02-424a-b99e-44634770e28e\" href=\"https:\/\/sumins.me\/wp-content\/uploads\/2026\/03\/POZIV-za-vanrednu-sjednicu-Skupstine.pdf\" target=\"_blank\" rel=\"noreferrer noopener\">POZIV za vanrednu sjednicu Skupstine<\/a><a href=\"https:\/\/sumins.me\/wp-content\/uploads\/2026\/03\/POZIV-za-vanrednu-sjednicu-Skupstine.pdf\" class=\"wp-block-file__button wp-element-button\" download aria-describedby=\"wp-block-file--media-10313330-fa02-424a-b99e-44634770e28e\">Download<\/a><\/div>\n\n\n\n<div class=\"wp-block-file doc-file\"><a id=\"wp-block-file--media-ae6890c5-f8ea-4ba4-9ec6-5e1459c1cd39\" href=\"https:\/\/sumins.me\/wp-content\/uploads\/2026\/03\/Rezultati-glasanja.pdf\" target=\"_blank\" rel=\"noreferrer noopener\">Rezultati glasanja<\/a><a href=\"https:\/\/sumins.me\/wp-content\/uploads\/2026\/03\/Rezultati-glasanja.pdf\" class=\"wp-block-file__button wp-element-button\" download aria-describedby=\"wp-block-file--media-ae6890c5-f8ea-4ba4-9ec6-5e1459c1cd39\">Download<\/a><\/div>\n\n\n\n<div class=\"wp-block-file doc-file\"><a id=\"wp-block-file--media-6217eee9-235c-4d9b-8a61-362713cf5526\" href=\"https:\/\/sumins.me\/wp-content\/uploads\/2026\/03\/Donijete-Odluke.pdf\" target=\"_blank\" rel=\"noreferrer noopener\">Donijete Odluke<\/a><a href=\"https:\/\/sumins.me\/wp-content\/uploads\/2026\/03\/Donijete-Odluke.pdf\" class=\"wp-block-file__button wp-element-button\" download aria-describedby=\"wp-block-file--media-6217eee9-235c-4d9b-8a61-362713cf5526\">Download<\/a><\/div>\n\n\n\n<div class=\"wp-block-file doc-file\"><a id=\"wp-block-file--media-1ccc0b16-8784-48bd-a240-6791e0fdf2b8\" href=\"https:\/\/sumins.me\/wp-content\/uploads\/2026\/03\/Predlozi-Odluka-za-vanrednu-Skupstinu.pdf\" target=\"_blank\" rel=\"noreferrer noopener\">Predlozi Odluka za vanrednu Skupstinu<\/a><a href=\"https:\/\/sumins.me\/wp-content\/uploads\/2026\/03\/Predlozi-Odluka-za-vanrednu-Skupstinu.pdf\" class=\"wp-block-file__button wp-element-button\" download aria-describedby=\"wp-block-file--media-1ccc0b16-8784-48bd-a240-6791e0fdf2b8\">Download<\/a><\/div>\n\n\n\n<div class=\"wp-block-file doc-file\"><a id=\"wp-block-file--media-e434142e-9222-40b0-8df4-691d9a2aaea5\" href=\"https:\/\/sumins.me\/wp-content\/uploads\/2026\/03\/Obrazac-glasackog-listica-za-vanrednu-Skupstinu.pdf\" target=\"_blank\" rel=\"noreferrer noopener\">Obrazac glasa\u010dkog listi\u0107a za vanrednu Skupstinu<\/a><a href=\"https:\/\/sumins.me\/wp-content\/uploads\/2026\/03\/Obrazac-glasackog-listica-za-vanrednu-Skupstinu.pdf\" class=\"wp-block-file__button wp-element-button\" download aria-describedby=\"wp-block-file--media-e434142e-9222-40b0-8df4-691d9a2aaea5\">Download<\/a><\/div>\n\n\n\n<div class=\"wp-block-file doc-file\"><a id=\"wp-block-file--media-2878519f-872d-41a5-950f-35ed7a5ee5df\" href=\"https:\/\/sumins.me\/wp-content\/uploads\/2026\/03\/PUNOMOCJE-za-vanrednu-Skupstinu.pdf\" target=\"_blank\" rel=\"noreferrer noopener\">PUNOMO\u0106JE za vanrednu Skupstinu<\/a><a href=\"https:\/\/sumins.me\/wp-content\/uploads\/2026\/03\/PUNOMOCJE-za-vanrednu-Skupstinu.pdf\" class=\"wp-block-file__button wp-element-button\" download aria-describedby=\"wp-block-file--media-2878519f-872d-41a5-950f-35ed7a5ee5df\">Download<\/a><\/div>\n\n\n\n<div class=\"wp-block-file doc-file\"><a id=\"wp-block-file--media-d61e58a1-ad5b-403e-a18a-054f39249c8f\" href=\"https:\/\/sumins.me\/wp-content\/uploads\/2026\/03\/Predlog-STATUTA-INSTITUT-ZA-SUMARSTVO-AD-2.pdf\" target=\"_blank\" rel=\"noreferrer noopener\">Predlog STATUTA  INSTITUT ZA SUMARSTVO AD<\/a><a href=\"https:\/\/sumins.me\/wp-content\/uploads\/2026\/03\/Predlog-STATUTA-INSTITUT-ZA-SUMARSTVO-AD-2.pdf\" class=\"wp-block-file__button wp-element-button\" download aria-describedby=\"wp-block-file--media-d61e58a1-ad5b-403e-a18a-054f39249c8f\">Download<\/a><\/div>\n\n\n\n<div class=\"wp-block-file doc-file\"><a id=\"wp-block-file--media-5caedb42-67e2-47ff-ba93-fc532ef6fabe\" href=\"https:\/\/sumins.me\/wp-content\/uploads\/2026\/03\/Predlog-Poslovnika-o-radu-Skupstine-1.pdf\" target=\"_blank\" rel=\"noreferrer noopener\">Predlog Poslovnika o radu Skup\u0161tine<\/a><a href=\"https:\/\/sumins.me\/wp-content\/uploads\/2026\/03\/Predlog-Poslovnika-o-radu-Skupstine-1.pdf\" class=\"wp-block-file__button wp-element-button\" download aria-describedby=\"wp-block-file--media-5caedb42-67e2-47ff-ba93-fc532ef6fabe\">Download<\/a><\/div>\n\n\n\n<p><\/p>\n<\/div>\n\n\n<hr class=\"wp-block-separator has-css-opacity\"\/>\n\n<\/li><li class=\"wp-block-post post-1362 post type-post status-publish format-standard hentry category-skupstina-akcionara tag-13\">\n<h3 class=\"has-link-color wp-elements-049ed61df2bea400dae4c7fa666e2492 wp-block-post-title has-text-color has-ast-global-color-0-color\">Redovna Skup\u0161tina akcionara odr\u017eana dana 28.05.2025. godine u Podgorici<\/h3>\n\n\n<div class=\"wp-block-uagb-container uagb-block-bbc99857 alignfull uagb-is-root-container\"><div class=\"uagb-container-inner-blocks-wrap\">\n<div class=\"wp-block-uagb-container uagb-block-b5b7ab7b\"><\/div>\n<\/div><\/div>\n\n\n<div class=\"entry-content wp-block-post-content is-layout-flow wp-block-post-content-is-layout-flow\">\n<div class=\"wp-block-file doc-file\"><a id=\"wp-block-file--media-b7c54295-8359-44ea-a3f7-079239718521\" href=\"https:\/\/sumins.me\/wp-content\/uploads\/2026\/01\/1.-1.-Obavjestenje-o-sazivanju-redovne-sjednice-Skupstine-2025.pdf\" target=\"_blank\" rel=\"noreferrer noopener\">&nbsp;Obavje\u0161tenje o sazivanju sjednice skup\u0161tine sa dnevnim redom<\/a><a href=\"https:\/\/sumins.me\/wp-content\/uploads\/2026\/01\/1.-1.-Obavjestenje-o-sazivanju-redovne-sjednice-Skupstine-2025.pdf\" class=\"wp-block-file__button wp-element-button\" download aria-describedby=\"wp-block-file--media-b7c54295-8359-44ea-a3f7-079239718521\">Download<\/a><\/div>\n\n\n\n<div class=\"wp-block-file doc-file\"><a id=\"wp-block-file--media-f60cb32a-592b-46ff-ba87-6261bcead33d\" href=\"https:\/\/sumins.me\/wp-content\/uploads\/2026\/01\/Glasacki-listic-redovna-skupstina.pdf\" target=\"_blank\" rel=\"noreferrer noopener\"> Glasa\u010dki listi\u0107<\/a><a href=\"https:\/\/sumins.me\/wp-content\/uploads\/2026\/01\/Glasacki-listic-redovna-skupstina.pdf\" class=\"wp-block-file__button wp-element-button\" download aria-describedby=\"wp-block-file--media-f60cb32a-592b-46ff-ba87-6261bcead33d\">Download<\/a><\/div>\n\n\n\n<div class=\"wp-block-file doc-file\"><a id=\"wp-block-file--media-4b7e8443-39b6-4fb7-959b-bf67f76d3fbe\" href=\"https:\/\/sumins.me\/wp-content\/uploads\/2026\/01\/Odluke-sa-redovne-Skupstine.pdf\" target=\"_blank\" rel=\"noreferrer noopener\"> Odluke donijete na redovnoj Skupstini<\/a><a href=\"https:\/\/sumins.me\/wp-content\/uploads\/2026\/01\/Odluke-sa-redovne-Skupstine.pdf\" class=\"wp-block-file__button wp-element-button\" download aria-describedby=\"wp-block-file--media-4b7e8443-39b6-4fb7-959b-bf67f76d3fbe\">Download<\/a><\/div>\n\n\n\n<div class=\"wp-block-file doc-file\"><a id=\"wp-block-file--media-0ea554e7-aec0-4613-b6f6-0167dcd26c5e\" href=\"https:\/\/sumins.me\/wp-content\/uploads\/2026\/01\/2.1.-Revizorski-izvjestaj-za-2024.godinu.pdf\" target=\"_blank\" rel=\"noreferrer noopener\">&nbsp;Izvje\u0161taj nezavisnog revizora za 2024. godinu<\/a><a href=\"https:\/\/sumins.me\/wp-content\/uploads\/2026\/01\/2.1.-Revizorski-izvjestaj-za-2024.godinu.pdf\" class=\"wp-block-file__button wp-element-button\" download aria-describedby=\"wp-block-file--media-0ea554e7-aec0-4613-b6f6-0167dcd26c5e\">Download<\/a><\/div>\n\n\n\n<div class=\"wp-block-file doc-file\"><a id=\"wp-block-file--media-9e4ff8d2-500c-45aa-96fa-e7cdda08a7f3\" href=\"https:\/\/sumins.me\/wp-content\/uploads\/2026\/01\/3.1.-Izvjestaj-o-poslovanju-Instituta-za-2024.god_.pdf\" target=\"_blank\" rel=\"noreferrer noopener\"> Institute\u2019s Annual Report for 2024<\/a><a href=\"https:\/\/sumins.me\/wp-content\/uploads\/2026\/01\/3.1.-Izvjestaj-o-poslovanju-Instituta-za-2024.god_.pdf\" class=\"wp-block-file__button wp-element-button\" download aria-describedby=\"wp-block-file--media-9e4ff8d2-500c-45aa-96fa-e7cdda08a7f3\">Download<\/a><\/div>\n\n\n\n<div class=\"wp-block-file doc-file\"><a id=\"wp-block-file--media-b2fbc207-c640-47f0-8c33-8fd300a7e99e\" href=\"https:\/\/sumins.me\/wp-content\/uploads\/2026\/01\/Zapisnik-sa-redovne-Skupstine-odrzane-28.05.2025.god_-1.pdf\" target=\"_blank\" rel=\"noreferrer noopener\">Zapisnik sa redovne Skupstine akcionara odr\u017eane 28.05.2025.god.<\/a><a href=\"https:\/\/sumins.me\/wp-content\/uploads\/2026\/01\/Zapisnik-sa-redovne-Skupstine-odrzane-28.05.2025.god_-1.pdf\" class=\"wp-block-file__button wp-element-button\" download aria-describedby=\"wp-block-file--media-b2fbc207-c640-47f0-8c33-8fd300a7e99e\">Download<\/a><\/div>\n\n\n\n<p><\/p>\n<\/div>\n\n\n<hr class=\"wp-block-separator has-css-opacity\"\/>\n\n<\/li><\/ul><\/div>\n\n\n\n<p class=\"no-post-message\">There are currently no announcements for the selected section.<\/p>\n<\/div>\n<\/div>\n<\/div>\n\n\n\n<div data-aos= \"fade\" data-aos-duration=\"400\" data-aos-delay=\"0\" data-aos-easing=\"ease\" data-aos-once=\"true\" class=\"wp-block-uagb-tabs-child uagb-tabs__body-container uagb-inner-tab-1 tabs-title\" aria-labelledby=\"uagb-tabs__tab1\">\n<div class=\"wp-block-columns has-ast-global-color-4-background-color has-background is-layout-flex wp-container-core-columns-is-layout-28f84493 wp-block-columns-is-layout-flex\">\n<div class=\"wp-block-column has-white-background-color has-background is-layout-flow wp-block-column-is-layout-flow\" style=\"padding-top:var(--wp--preset--spacing--20);padding-right:var(--wp--preset--spacing--20);padding-bottom:var(--wp--preset--spacing--20);padding-left:var(--wp--preset--spacing--20);flex-basis:100%\">\n<div class=\"wp-block-query is-layout-flow wp-block-query-is-layout-flow\"><ul class=\"wp-block-post-template has-background has-white-background-color is-layout-flow wp-block-post-template-is-layout-flow\"><li class=\"wp-block-post post-1399 post type-post status-publish format-standard hentry category-gazdinske-jedinice\">\n<h3 class=\"has-link-color wp-elements-049ed61df2bea400dae4c7fa666e2492 wp-block-post-title has-text-color has-ast-global-color-0-color\">Ugovorene gazdinske jedinice za 2025. godinu<\/h3>\n\n\n<div class=\"wp-block-uagb-container uagb-block-a0d67387 alignfull uagb-is-root-container\"><div class=\"uagb-container-inner-blocks-wrap\">\n<div class=\"wp-block-uagb-container uagb-block-248a15df\"><\/div>\n<\/div><\/div>\n\n\n<div class=\"entry-content wp-block-post-content is-layout-flow wp-block-post-content-is-layout-flow\">\n<p>U 2025. godini \u201cInstitut za \u0161umarstvo\u201dAD Podgorica je potpisao:<\/p>\n\n\n\n<ul class=\"wp-block-list plain-list\">\n<li>Ugovor za izradu Osnove gazdovanja \u0161umama za GJ Dapsi\u0107ke \u0161ume, PJ Berane<\/li>\n\n\n\n<li>Ugovor za izradu Osnove gazdovanja \u0161umama za GJ Lisinj &#8211; Mo\u017eura, PJ Kotor<\/li>\n\n\n\n<li>Ugovor za izradu Osnove gazdovanja \u0161umama za GJ Krajina, PJ Kotor<\/li>\n\n\n\n<li>Ugovor za izradu Osnove gazdovanja \u0161umama za GJ Prekornica, PJ Danilovgrad<\/li>\n<\/ul>\n<\/div>\n\n\n<hr class=\"wp-block-separator has-css-opacity\"\/>\n\n<\/li><\/ul><\/div>\n\n\n\n<p class=\"no-post-message\">There are currently no announcements for the selected section.<\/p>\n<\/div>\n<\/div>\n<\/div>\n\n\n\n<div data-aos= \"fade\" data-aos-duration=\"400\" data-aos-delay=\"0\" data-aos-easing=\"ease\" data-aos-once=\"true\" class=\"wp-block-uagb-tabs-child uagb-tabs__body-container uagb-inner-tab-2 tabs-title\" aria-labelledby=\"uagb-tabs__tab2\">\n<div class=\"wp-block-columns has-ast-global-color-4-background-color has-background is-layout-flex wp-container-core-columns-is-layout-28f84493 wp-block-columns-is-layout-flex\">\n<div class=\"wp-block-column has-white-background-color has-background is-layout-flow wp-block-column-is-layout-flow\" style=\"padding-top:var(--wp--preset--spacing--20);padding-right:var(--wp--preset--spacing--20);padding-bottom:var(--wp--preset--spacing--20);padding-left:var(--wp--preset--spacing--20);flex-basis:100%\">\n<div class=\"wp-block-query is-layout-flow wp-block-query-is-layout-flow\"><ul class=\"wp-block-post-template has-background has-white-background-color is-layout-flow wp-block-post-template-is-layout-flow\"><li class=\"wp-block-post post-1403 post type-post status-publish format-standard hentry category-novosti-ostalo\">\n<h3 class=\"has-link-color wp-elements-049ed61df2bea400dae4c7fa666e2492 wp-block-post-title has-text-color has-ast-global-color-0-color\">Edukativne aktivnosti u 2025. godini<\/h3>\n\n\n<div class=\"wp-block-uagb-container uagb-block-505f4d76 alignfull uagb-is-root-container\"><div class=\"uagb-container-inner-blocks-wrap\">\n<div class=\"wp-block-uagb-container uagb-block-4d294de3\"><\/div>\n<\/div><\/div>\n\n\n<div class=\"entry-content wp-block-post-content is-layout-flow wp-block-post-content-is-layout-flow\">\n<p>U toku 2025. godine u cilju odr\u017eavanja i pobolj\u0161anja me\u0111uregionalne saradnje iz oblasti \u0161umarske struke, izvr\u0161ni direktor Slavi\u0161a Lu\u010di\u0107 je obavio studijsku posjetu Sloveniji, a prisustvovao je i me\u0111unarodnoj konferenciji o \u0161umarstvu, koja je odr\u017eana u Tirani, Albanija.<\/p>\n<\/div>\n\n\n<hr class=\"wp-block-separator has-css-opacity\"\/>\n\n<\/li><\/ul><\/div>\n\n\n\n<p class=\"no-post-message\">There are currently no announcements for the selected section.<\/p>\n<\/div>\n<\/div>\n<\/div>\n<\/div><\/div>\n\n\n\n<p><\/p>","protected":false},"excerpt":{"rendered":"","protected":false},"author":1,"featured_media":0,"parent":0,"menu_order":0,"comment_status":"closed","ping_status":"closed","template":"","meta":{"_uag_custom_page_level_css":"","site-sidebar-layout":"default","site-content-layout":"","ast-site-content-layout":"default","site-content-style":"default","site-sidebar-style":"default","ast-global-header-display":"","ast-banner-title-visibility":"","ast-main-header-display":"","ast-hfb-above-header-display":"","ast-hfb-below-header-display":"","ast-hfb-mobile-header-display":"","site-post-title":"disabled","ast-breadcrumbs-content":"","ast-featured-img":"","footer-sml-layout":"","theme-transparent-header-meta":"","adv-header-id-meta":"","stick-header-meta":"","header-above-stick-meta":"","header-main-stick-meta":"","header-below-stick-meta":"","astra-migrate-meta-layouts":"set","ast-page-background-enabled":"default","ast-page-background-meta":{"desktop":{"background-color":"var(--ast-global-color-4)","background-image":"","background-repeat":"repeat","background-position":"center center","background-size":"auto","background-attachment":"scroll","background-type":"","background-media":"","overlay-type":"","overlay-color":"","overlay-opacity":"","overlay-gradient":""},"tablet":{"background-color":"","background-image":"","background-repeat":"repeat","background-position":"center center","background-size":"auto","background-attachment":"scroll","background-type":"","background-media":"","overlay-type":"","overlay-color":"","overlay-opacity":"","overlay-gradient":""},"mobile":{"background-color":"","background-image":"","background-repeat":"repeat","background-position":"center center","background-size":"auto","background-attachment":"scroll","background-type":"","background-media":"","overlay-type":"","overlay-color":"","overlay-opacity":"","overlay-gradient":""}},"ast-content-background-meta":{"desktop":{"background-color":"var(--ast-global-color-5)","background-image":"","background-repeat":"repeat","background-position":"center center","background-size":"auto","background-attachment":"scroll","background-type":"","background-media":"","overlay-type":"","overlay-color":"","overlay-opacity":"","overlay-gradient":""},"tablet":{"background-color":"var(--ast-global-color-5)","background-image":"","background-repeat":"repeat","background-position":"center center","background-size":"auto","background-attachment":"scroll","background-type":"","background-media":"","overlay-type":"","overlay-color":"","overlay-opacity":"","overlay-gradient":""},"mobile":{"background-color":"var(--ast-global-color-5)","background-image":"","background-repeat":"repeat","background-position":"center center","background-size":"auto","background-attachment":"scroll","background-type":"","background-media":"","overlay-type":"","overlay-color":"","overlay-opacity":"","overlay-gradient":""}},"ngg_post_thumbnail":0,"footnotes":""},"class_list":["post-1018","page","type-page","status-publish","hentry"],"uagb_featured_image_src":{"full":false,"thumbnail":false,"medium":false,"medium_large":false,"large":false,"1536x1536":false,"2048x2048":false,"trp-custom-language-flag":false},"uagb_author_info":{"display_name":"ognjenvujicic@gmail.com","author_link":"https:\/\/sumins.me\/en\/author\/ognjenvujicicgmail-com\/"},"uagb_comment_info":0,"uagb_excerpt":null,"_links":{"self":[{"href":"https:\/\/sumins.me\/en\/wp-json\/wp\/v2\/pages\/1018","targetHints":{"allow":["GET"]}}],"collection":[{"href":"https:\/\/sumins.me\/en\/wp-json\/wp\/v2\/pages"}],"about":[{"href":"https:\/\/sumins.me\/en\/wp-json\/wp\/v2\/types\/page"}],"author":[{"embeddable":true,"href":"https:\/\/sumins.me\/en\/wp-json\/wp\/v2\/users\/1"}],"replies":[{"embeddable":true,"href":"https:\/\/sumins.me\/en\/wp-json\/wp\/v2\/comments?post=1018"}],"version-history":[{"count":17,"href":"https:\/\/sumins.me\/en\/wp-json\/wp\/v2\/pages\/1018\/revisions"}],"predecessor-version":[{"id":1657,"href":"https:\/\/sumins.me\/en\/wp-json\/wp\/v2\/pages\/1018\/revisions\/1657"}],"wp:attachment":[{"href":"https:\/\/sumins.me\/en\/wp-json\/wp\/v2\/media?parent=1018"}],"curies":[{"name":"wp","href":"https:\/\/api.w.org\/{rel}","templated":true}]}}